{"id":2683,"date":"2020-12-13T11:21:47","date_gmt":"2020-12-13T10:21:47","guid":{"rendered":"http:\/\/localhost\/bdl\/?page_id=2683"},"modified":"2022-01-07T09:52:52","modified_gmt":"2022-01-07T08:52:52","slug":"entreposage-exterieur","status":"publish","type":"page","link":"https:\/\/avionshipping-dz.com\/update\/entreposage-exterieur\/","title":{"rendered":"Entreposage ext\u00e9rieur"},"content":{"rendered":"<h3>\n        Entreposage ext\u00e9rieur<br \/>\n        <i><\/i><br \/>\n    <\/h3>\n<h3>C\u2019est quoi ?<\/h3>\n<p>Dans le cadre de notre service int\u00e9gral, nous disposons de notre propre entrep\u00f4t pour accueillir vos marchandises et les maintenir dans un lieu s\u00fbr jusqu\u2019\u00e0 la date de leur exp\u00e9dition.<\/p>\n<p style=\"margin: 0cm; margin-bottom: .0001pt; text-align: justify; vertical-align: baseline;\"><b>Marchandises entrepos\u00e9es<\/b><\/p>\n<p>Vous pouvez nous confier l\u2019entreposage ext\u00e9rieur de votre cargaison quelle qu\u2019elle soit. AIC\u00a0 vous propose toutes les options dont votre marchandise peut avoir besoin.<\/p>\n<p><strong>Type d\u2019entreposage <\/strong><\/p>\n<p>\t            \t\tEntreposage de cargaison de vrac pour les lots grands et homog\u00e8nes de cargaison de vrac.<br \/>\n\t            \t\tEntreposage de cargaisons lourdes pour lesquelles nous disposons des moyens et d\u2019\u00e9quipements sp\u00e9cialis\u00e9s pour manipuler et entreposer vos marchandises lourdes, telles les m\u00e9taux lourds ou les machines industrielles, et pour la remettre en marche au moment voulu..\t            \t<\/p>\n<h3><strong>Tarifs<\/strong><\/h3>\n<p>Avec notre espace d\u2019entreposage, votre cargaison b\u00e9n\u00e9ficie d\u2019avantages fiscaux et douaniers<\/p>\n<p>    <a href=\"https:\/\/avionshipping-dz.com\/update\/prospect\"><br \/>\n                N\u2019HESITEZ PLUS ET DEMANDEZ UN DEVIS GRATUIT<br \/>\n    <\/a><\/p>\n","protected":false},"excerpt":{"rendered":"<p>Entreposage ext\u00e9rieur C\u2019est quoi ? Dans le cadre de notre service int\u00e9gral, nous disposons de notre propre entrep\u00f4t pour accueillir vos marchandises et les maintenir dans un lieu s\u00fbr jusqu\u2019\u00e0 la date de leur exp\u00e9dition. Marchandises entrepos\u00e9es Vous pouvez nous confier l\u2019entreposage ext\u00e9rieur de votre cargaison quelle qu\u2019elle soit. AIC\u00a0 vous propose toutes les options [&hellip;]<\/p>\n","protected":false},"author":1,"featured_media":2764,"parent":0,"menu_order":0,"comment_status":"closed","ping_status":"closed","template":"","meta":{"footnotes":""},"class_list":["post-2683","page","type-page","status-publish","has-post-thumbnail","hentry"],"yoast_head":"<!-- This site is optimized with the Yoast SEO plugin v19.3 - https:\/\/yoast.com\/wordpress\/plugins\/seo\/ -->\n<title>Entreposage ext\u00e9rieur - avionshipping-dz<\/title>\n<meta name=\"description\" content=\"Dans le cadre de notre service int\u00e9gral, nous disposons de notre propre entrep\u00f4t pour accueillir vos marchandises et les maintenir dans un lieu s\u00fbr jusqu\u2019\u00e0 la date de leur exp\u00e9dition.\" \/>\n<meta name=\"robots\" content=\"index, follow, max-snippet:-1, max-image-preview:large, max-video-preview:-1\" \/>\n<link rel=\"canonical\" href=\"https:\/\/avionshipping-dz.com\/update\/entreposage-exterieur\/\" \/>\n<meta property=\"og:locale\" content=\"fr_FR\" \/>\n<meta property=\"og:type\" content=\"article\" \/>\n<meta property=\"og:title\" content=\"Entreposage ext\u00e9rieur - avionshipping-dz\" \/>\n<meta property=\"og:description\" content=\"Dans le cadre de notre service int\u00e9gral, nous disposons de notre propre entrep\u00f4t pour accueillir vos marchandises et les maintenir dans un lieu s\u00fbr jusqu\u2019\u00e0 la date de leur exp\u00e9dition.\" \/>\n<meta property=\"og:url\" content=\"https:\/\/avionshipping-dz.com\/update\/entreposage-exterieur\/\" \/>\n<meta property=\"og:site_name\" content=\"avionshipping-dz\" \/>\n<meta property=\"article:modified_time\" content=\"2022-01-07T08:52:52+00:00\" \/>\n<meta property=\"og:image\" content=\"https:\/\/avionshipping-dz.com\/wp-content\/uploads\/2021\/12\/entreposage-ext.jpg\" \/>\n\t<meta property=\"og:image:width\" content=\"1700\" \/>\n\t<meta property=\"og:image:height\" content=\"328\" \/>\n\t<meta property=\"og:image:type\" content=\"image\/jpeg\" \/>\n<meta name=\"twitter:card\" content=\"summary_large_image\" \/>\n<meta name=\"twitter:label1\" content=\"Dur\u00e9e de lecture estim\u00e9e\" \/>\n\t<meta name=\"twitter:data1\" content=\"1 minute\" \/>\n<script type=\"application\/ld+json\" class=\"yoast-schema-graph\">{\"@context\":\"https:\/\/schema.org\",\"@graph\":[{\"@type\":\"Organization\",\"@id\":\"https:\/\/avionshipping-dz.com\/update\/#organization\",\"name\":\"avionshipping-dz\",\"url\":\"https:\/\/avionshipping-dz.com\/update\/\",\"sameAs\":[],\"logo\":{\"@type\":\"ImageObject\",\"inLanguage\":\"fr-FR\",\"@id\":\"https:\/\/avionshipping-dz.com\/update\/#\/schema\/logo\/image\/\",\"url\":\"https:\/\/avionshipping-dz.com\/wp-content\/uploads\/2020\/03\/Logo-AIC.png\",\"contentUrl\":\"https:\/\/avionshipping-dz.com\/wp-content\/uploads\/2020\/03\/Logo-AIC.png\",\"width\":672,\"height\":432,\"caption\":\"avionshipping-dz\"},\"image\":{\"@id\":\"https:\/\/avionshipping-dz.com\/update\/#\/schema\/logo\/image\/\"}},{\"@type\":\"WebSite\",\"@id\":\"https:\/\/avionshipping-dz.com\/update\/#website\",\"url\":\"https:\/\/avionshipping-dz.com\/update\/\",\"name\":\"avionshipping-dz\",\"description\":\"\",\"publisher\":{\"@id\":\"https:\/\/avionshipping-dz.com\/update\/#organization\"},\"potentialAction\":[{\"@type\":\"SearchAction\",\"target\":{\"@type\":\"EntryPoint\",\"urlTemplate\":\"https:\/\/avionshipping-dz.com\/update\/?s={search_term_string}\"},\"query-input\":\"required name=search_term_string\"}],\"inLanguage\":\"fr-FR\"},{\"@type\":\"ImageObject\",\"inLanguage\":\"fr-FR\",\"@id\":\"https:\/\/avionshipping-dz.com\/update\/entreposage-exterieur\/#primaryimage\",\"url\":\"https:\/\/avionshipping-dz.com\/wp-content\/uploads\/2021\/12\/entreposage-ext.jpg\",\"contentUrl\":\"https:\/\/avionshipping-dz.com\/wp-content\/uploads\/2021\/12\/entreposage-ext.jpg\",\"width\":1700,\"height\":328,\"caption\":\"Entreposage ext\u00e9rieur\"},{\"@type\":\"WebPage\",\"@id\":\"https:\/\/avionshipping-dz.com\/update\/entreposage-exterieur\/\",\"url\":\"https:\/\/avionshipping-dz.com\/update\/entreposage-exterieur\/\",\"name\":\"Entreposage ext\u00e9rieur - avionshipping-dz\",\"isPartOf\":{\"@id\":\"https:\/\/avionshipping-dz.com\/update\/#website\"},\"primaryImageOfPage\":{\"@id\":\"https:\/\/avionshipping-dz.com\/update\/entreposage-exterieur\/#primaryimage\"},\"datePublished\":\"2020-12-13T10:21:47+00:00\",\"dateModified\":\"2022-01-07T08:52:52+00:00\",\"description\":\"Dans le cadre de notre service int\u00e9gral, nous disposons de notre propre entrep\u00f4t pour accueillir vos marchandises et les maintenir dans un lieu s\u00fbr jusqu\u2019\u00e0 la date de leur exp\u00e9dition.\",\"breadcrumb\":{\"@id\":\"https:\/\/avionshipping-dz.com\/update\/entreposage-exterieur\/#breadcrumb\"},\"inLanguage\":\"fr-FR\",\"potentialAction\":[{\"@type\":\"ReadAction\",\"target\":[\"https:\/\/avionshipping-dz.com\/update\/entreposage-exterieur\/\"]}]},{\"@type\":\"BreadcrumbList\",\"@id\":\"https:\/\/avionshipping-dz.com\/update\/entreposage-exterieur\/#breadcrumb\",\"itemListElement\":[{\"@type\":\"ListItem\",\"position\":1,\"name\":\"Accueil\",\"item\":\"https:\/\/avionshipping-dz.com\/update\/\"},{\"@type\":\"ListItem\",\"position\":2,\"name\":\"Entreposage ext\u00e9rieur\"}]}]}<\/script>\n<!-- \/ Yoast SEO plugin. -->","yoast_head_json":{"title":"Entreposage ext\u00e9rieur - avionshipping-dz","description":"Dans le cadre de notre service int\u00e9gral, nous disposons de notre propre entrep\u00f4t pour accueillir vos marchandises et les maintenir dans un lieu s\u00fbr jusqu\u2019\u00e0 la date de leur exp\u00e9dition.","robots":{"index":"index","follow":"follow","max-snippet":"max-snippet:-1","max-image-preview":"max-image-preview:large","max-video-preview":"max-video-preview:-1"},"canonical":"https:\/\/avionshipping-dz.com\/update\/entreposage-exterieur\/","og_locale":"fr_FR","og_type":"article","og_title":"Entreposage ext\u00e9rieur - avionshipping-dz","og_description":"Dans le cadre de notre service int\u00e9gral, nous disposons de notre propre entrep\u00f4t pour accueillir vos marchandises et les maintenir dans un lieu s\u00fbr jusqu\u2019\u00e0 la date de leur exp\u00e9dition.","og_url":"https:\/\/avionshipping-dz.com\/update\/entreposage-exterieur\/","og_site_name":"avionshipping-dz","article_modified_time":"2022-01-07T08:52:52+00:00","og_image":[{"width":1700,"height":328,"url":"https:\/\/avionshipping-dz.com\/wp-content\/uploads\/2021\/12\/entreposage-ext.jpg","type":"image\/jpeg"}],"twitter_card":"summary_large_image","twitter_misc":{"Dur\u00e9e de lecture estim\u00e9e":"1 minute"},"schema":{"@context":"https:\/\/schema.org","@graph":[{"@type":"Organization","@id":"https:\/\/avionshipping-dz.com\/update\/#organization","name":"avionshipping-dz","url":"https:\/\/avionshipping-dz.com\/update\/","sameAs":[],"logo":{"@type":"ImageObject","inLanguage":"fr-FR","@id":"https:\/\/avionshipping-dz.com\/update\/#\/schema\/logo\/image\/","url":"https:\/\/avionshipping-dz.com\/wp-content\/uploads\/2020\/03\/Logo-AIC.png","contentUrl":"https:\/\/avionshipping-dz.com\/wp-content\/uploads\/2020\/03\/Logo-AIC.png","width":672,"height":432,"caption":"avionshipping-dz"},"image":{"@id":"https:\/\/avionshipping-dz.com\/update\/#\/schema\/logo\/image\/"}},{"@type":"WebSite","@id":"https:\/\/avionshipping-dz.com\/update\/#website","url":"https:\/\/avionshipping-dz.com\/update\/","name":"avionshipping-dz","description":"","publisher":{"@id":"https:\/\/avionshipping-dz.com\/update\/#organization"},"potentialAction":[{"@type":"SearchAction","target":{"@type":"EntryPoint","urlTemplate":"https:\/\/avionshipping-dz.com\/update\/?s={search_term_string}"},"query-input":"required name=search_term_string"}],"inLanguage":"fr-FR"},{"@type":"ImageObject","inLanguage":"fr-FR","@id":"https:\/\/avionshipping-dz.com\/update\/entreposage-exterieur\/#primaryimage","url":"https:\/\/avionshipping-dz.com\/wp-content\/uploads\/2021\/12\/entreposage-ext.jpg","contentUrl":"https:\/\/avionshipping-dz.com\/wp-content\/uploads\/2021\/12\/entreposage-ext.jpg","width":1700,"height":328,"caption":"Entreposage ext\u00e9rieur"},{"@type":"WebPage","@id":"https:\/\/avionshipping-dz.com\/update\/entreposage-exterieur\/","url":"https:\/\/avionshipping-dz.com\/update\/entreposage-exterieur\/","name":"Entreposage ext\u00e9rieur - avionshipping-dz","isPartOf":{"@id":"https:\/\/avionshipping-dz.com\/update\/#website"},"primaryImageOfPage":{"@id":"https:\/\/avionshipping-dz.com\/update\/entreposage-exterieur\/#primaryimage"},"datePublished":"2020-12-13T10:21:47+00:00","dateModified":"2022-01-07T08:52:52+00:00","description":"Dans le cadre de notre service int\u00e9gral, nous disposons de notre propre entrep\u00f4t pour accueillir vos marchandises et les maintenir dans un lieu s\u00fbr jusqu\u2019\u00e0 la date de leur exp\u00e9dition.","breadcrumb":{"@id":"https:\/\/avionshipping-dz.com\/update\/entreposage-exterieur\/#breadcrumb"},"inLanguage":"fr-FR","potentialAction":[{"@type":"ReadAction","target":["https:\/\/avionshipping-dz.com\/update\/entreposage-exterieur\/"]}]},{"@type":"BreadcrumbList","@id":"https:\/\/avionshipping-dz.com\/update\/entreposage-exterieur\/#breadcrumb","itemListElement":[{"@type":"ListItem","position":1,"name":"Accueil","item":"https:\/\/avionshipping-dz.com\/update\/"},{"@type":"ListItem","position":2,"name":"Entreposage ext\u00e9rieur"}]}]}},"_links":{"self":[{"href":"https:\/\/avionshipping-dz.com\/update\/wp-json\/wp\/v2\/pages\/2683","targetHints":{"allow":["GET"]}}],"collection":[{"href":"https:\/\/avionshipping-dz.com\/update\/wp-json\/wp\/v2\/pages"}],"about":[{"href":"https:\/\/avionshipping-dz.com\/update\/wp-json\/wp\/v2\/types\/page"}],"author":[{"embeddable":true,"href":"https:\/\/avionshipping-dz.com\/update\/wp-json\/wp\/v2\/users\/1"}],"replies":[{"embeddable":true,"href":"https:\/\/avionshipping-dz.com\/update\/wp-json\/wp\/v2\/comments?post=2683"}],"version-history":[{"count":11,"href":"https:\/\/avionshipping-dz.com\/update\/wp-json\/wp\/v2\/pages\/2683\/revisions"}],"predecessor-version":[{"id":3086,"href":"https:\/\/avionshipping-dz.com\/update\/wp-json\/wp\/v2\/pages\/2683\/revisions\/3086"}],"wp:featuredmedia":[{"embeddable":true,"href":"https:\/\/avionshipping-dz.com\/update\/wp-json\/wp\/v2\/media\/2764"}],"wp:attachment":[{"href":"https:\/\/avionshipping-dz.com\/update\/wp-json\/wp\/v2\/media?parent=2683"}],"curies":[{"name":"wp","href":"https:\/\/api.w.org\/{rel}","templated":true}]}}