{"id":2766,"date":"2021-12-27T13:44:40","date_gmt":"2021-12-27T12:44:40","guid":{"rendered":"http:\/\/localhost\/shipping\/?page_id=2766"},"modified":"2021-12-29T08:52:27","modified_gmt":"2021-12-29T07:52:27","slug":"conditions-generales-dutilisation","status":"publish","type":"page","link":"https:\/\/avionshipping-dz.com\/update\/conditions-generales-dutilisation\/","title":{"rendered":"Conditions d&#8217;utilisation"},"content":{"rendered":"<h3>Conditions g\u00e9n\u00e9rales d&#8217;utilisation<br \/>\n<i><\/i><\/h3>\n<ol>\n<li><strong> Port\u00e9e<\/strong><\/li>\n<\/ol>\n<p><strong>1.1.<\/strong> Pour la relation commerciale entre <em>AIC,<\/em> immatricul\u00e9e au registre du commerce N\u00b00000000000 d\u00e9livr\u00e9 par xxxxxxxx et le client, les conditions g\u00e9n\u00e9rales s\u2019appliquent exclusivement dans leur version en vigueur au moment de la conclusion du contrat.<\/p>\n<p><strong>1.2.<\/strong> Nous travaillons exclusivement sur la base des \u00abConditions g\u00e9n\u00e9rales d\u2019exp\u00e9dition alg\u00e9reinnes\u00bb, dont la version actuellement en vigueur.<\/p>\n<p><strong>1.3.<\/strong> Les clients peuvent contacter <em>AIC\u00a0<\/em> pour toutes questions et r\u00e9clamations par email \u00e0 contact@avionshipping-dz.com ou par t\u00e9l\u00e9phone au +213 (0) 23 82 72 17<\/p>\n<p><strong>1.4.<\/strong> Les conditions particuli\u00e8res du client ne sont pas reconnues \u00e0 moins qu\u2019AIC n\u2019accepte express\u00e9ment leur validit\u00e9.<\/p>\n<ol start=\"2\">\n<li><strong> Description des offres, services et fourniture<\/strong><\/li>\n<\/ol>\n<p><strong>2.1.<\/strong> La pr\u00e9sentation des produits et services ne constitue pas une offre juridiquement contraignante, mais une invitation \u00e0 soumettre une offre. Les descriptions de services sur les sites Internet d\u2019AIC<em>\u00a0<\/em> n\u2019ont pas le caract\u00e8re d\u2019une assurance ou garantie.<\/p>\n<p><strong>2.2.<\/strong> <em>AIC\u00a0<\/em> se r\u00e9serve le droit de modifier ou de supprimer les prix, services ou descriptions de services donn\u00e9s sur le site Web ou autrement sans pr\u00e9avis et d\u2019ajouter de nouveaux prix, services ou descriptions de services.<\/p>\n<p><strong style=\"font-family: inherit; letter-spacing: 0px;\">2.3.<\/strong> Incidemment, les erreurs restent r\u00e9serv\u00e9es.<\/p>\n<p><strong>2.4<\/strong>. <em>AIC\u00a0<\/em> se r\u00e9serve le droit de fournir tous les services elle-m\u00eame ou en faisant appel \u00e0 des tiers (par exemple, des soci\u00e9t\u00e9s de transport). <em>AIC\u00a0<\/em> est responsable de la s\u00e9lection et de la mise en service des tiers.<\/p>\n<p><strong>2.5.<\/strong> <em>AIC\u00a0<\/em> se r\u00e9serve le droit d\u2019emballer et d\u2019envoyer les envois si n\u00e9cessaire pour un traitement appropri\u00e9 et professionnel. Cela comprend, entre autres, les d\u00e9cisions quant \u00e0 savoir si les envois seront fractionn\u00e9s et avec quelle compagnie de transport ils seront envoy\u00e9s.<\/p>\n<p><strong>2.6.<\/strong> Les commandes soumises peuvent \u00eatre annul\u00e9es par le client \u00e0 tout moment. Les services d\u00e9j\u00e0 ex\u00e9cut\u00e9s dans le cadre de ces commandes seront factur\u00e9s en cons\u00e9quence par <em>AIC.<\/em><\/p>\n<p><strong>2.7.<\/strong> <em>AIC\u00a0<\/em> se r\u00e9serve le droit de refuser ou de mettre fin \u00e0 la coop\u00e9ration avec un client \u00e0 tout moment. De plus, <em>AIC\u00a0<\/em> se r\u00e9serve le droit de refuser des commandes individuelles.<\/p>\n<ol start=\"3\">\n<li><strong> Livraison Cr\u00e9ation d\u2019\u00e9tiquettes<\/strong><\/li>\n<\/ol>\n<p><strong>3.1.<\/strong> Pour les envois transfrontaliers, <em>AIC\u00a0<\/em> utilise les informations fournies par le client et ses syst\u00e8mes informatiques comme par exemple les noms des produits, les prix, le poids et les quantit\u00e9s. Ces donn\u00e9es sont transmises aux syst\u00e8mes informatiques des soci\u00e9t\u00e9s de transport qui effectuent le d\u00e9douanement. <em>AIC\u00a0<\/em> n\u2019est pas responsable de l\u2019exactitude de ces informations.<\/p>\n<p><strong>3.2.<\/strong> Les \u00e9tiquettes d\u2019exp\u00e9dition cr\u00e9\u00e9es par <em>AIC\u00a0<\/em> pour le client sont payables \u00e0 compter de leur cr\u00e9ation. En cas d\u2019annulation par le client, <em>AIC\u00a0<\/em> tentera d\u2019annuler les \u00e9tiquettes qui auront \u00e9t\u00e9 cr\u00e9\u00e9es. Si l\u2019annulation r\u00e9ussit, <em>AIC\u00a0<\/em> cr\u00e9ditera le client des frais de cr\u00e9ation de l\u2019\u00e9tiquette.<\/p>\n<ol start=\"4\">\n<li><strong> Prix Facture D\u00e9faut de paiement\u00a0 Droit de r\u00e9tention\u00a0 Compensation<\/strong><\/li>\n<\/ol>\n<p><strong>4.1.<\/strong> Tous les prix sont des prix hors taxe et n\u2019incluent pas la TVA.<\/p>\n<p><strong>4.2<\/strong>. La facture est \u00e9mise mensuellement \u00e0 terme \u00e9chu. Sauf indication contraire sur la facture, le d\u00e9lai de paiement est de 10 jours calendaires. Les paiements du client doivent \u00eatre effectu\u00e9s sans frais ni d\u00e9ductions.<\/p>\n<p><strong>4.3.<\/strong> En payant, le client confirme l\u2019exactitude de la facture. Les r\u00e9clamations ult\u00e9rieures sont exclues.<\/p>\n<p><strong>4.4.<\/strong> En cas de d\u00e9faut de paiement, le client doit rembourser les frais occasionn\u00e9s par le d\u00e9faut de paiement, tels que les frais de relance, de tentative de recouvrement et les \u00e9ventuels frais et honoraires judiciaires ou extrajudiciaires.<\/p>\n<p><strong>4.5.<\/strong> En cas de d\u00e9faut de paiement du client, <em>AIC\u00a0<\/em> est en droit de suspendre les services jusqu\u2019\u00e0 ce que le client ait pay\u00e9, de rendre exigibles toutes les cr\u00e9ances en souffrance et, le cas \u00e9ch\u00e9ant, d\u2019annuler les services command\u00e9s \u00e0 des tiers sans d\u00e9gager le client de son obligation d\u2019ex\u00e9cution.<\/p>\n<p><strong>4.6.<\/strong> Le client n\u2019a le droit de compenser que si ses demandes reconventionnelles ont \u00e9t\u00e9 l\u00e9galement \u00e9tablies ou ont \u00e9t\u00e9 reconnues par <em>AIC\u00a0<\/em>. Le client ne peut exercer un droit de r\u00e9tention que si les r\u00e9clamations r\u00e9sultent de la m\u00eame relation contractuelle.<\/p>\n<ol start=\"5\">\n<li><strong> D\u00e9lais et dates<\/strong><\/li>\n<\/ol>\n<p>Les dates et d\u00e9lais indiqu\u00e9s par <em>AIC\u00a0<\/em> ne sont contraignants que s\u2019ils ont \u00e9t\u00e9 express\u00e9ment convenus par \u00e9crit.<\/p>\n<ol start=\"6\">\n<li><strong> R\u00e9siliation<\/strong><\/li>\n<\/ol>\n<p>Le client peut mettre fin \u00e0 la coop\u00e9ration avec <em>AIC\u00a0<\/em> par \u00e9crit \u00e0 la fin de chaque mois calendaire. <em>AIC\u00a0<\/em> dispose d\u2019un mois \u00e0 compter de la prise d\u2019effet de la r\u00e9siliation pour fournir les marchandises stock\u00e9es.<\/p>\n<ol start=\"7\">\n<li><strong> Garantie g\u00e9n\u00e9rale et garantie contre les d\u00e9fauts mat\u00e9riels<\/strong><\/li>\n<\/ol>\n<p><strong>7.1<\/strong>. La garantie est d\u00e9termin\u00e9e conform\u00e9ment aux dispositions l\u00e9gales.<\/p>\n<p><strong>7.2.<\/strong> Une garantie concernant les services d\u2019AIC<em>\u00a0<\/em> n\u2019existe que si elle a \u00e9t\u00e9 express\u00e9ment donn\u00e9e. Les clients seront inform\u00e9s des conditions de garantie avant la mise en service.<\/p>\n<ol start=\"8\">\n<li><strong> Responsabilit\u00e9<\/strong><\/li>\n<\/ol>\n<p><strong>8.1.<\/strong> <em>AIC\u00a0<\/em> n\u2019est responsable que sur la base des \u00abConditions g\u00e9n\u00e9rales d\u2019exp\u00e9dition algerienne\u00bb actuellement en vigueur.<\/p>\n<ol start=\"9\">\n<li><strong> Loi applicable et dispositions finales<\/strong><\/li>\n<\/ol>\n<p><strong>9.1.<\/strong> La juridiction et lieu d\u2019ex\u00e9cution sont le lieu du si\u00e8ge social d\u2019AIC.<\/p>\n<p><strong>9.2.<\/strong> Les pr\u00e9sentes CGU sont r\u00e9gies par la loi alg\u00e9rienne. La langue du contrat est le fran\u00e7ais.<\/p>\n<p><strong>9.3.<\/strong> Ces termes et conditions peuvent \u00eatre modifi\u00e9s par <em>AIC<\/em> \u00e0 tout moment sans indication de motifs, les clients seront inform\u00e9s des modifications par \u00e9crit ou par courrier \u00e9lectronique. Les modifications sont consid\u00e9r\u00e9es comme accept\u00e9es si le client ne s\u2019y oppose pas par \u00e9crit dans les 30 jours par email \u00e0 contact@avionshipping-dz.com. En cas d\u2019objection, les conditions g\u00e9n\u00e9rales pr\u00e9c\u00e9dentes s\u2019appliquent et <em>AIC<\/em> se r\u00e9serve le droit de mettre fin \u00e0 la coop\u00e9ration.<\/p>\n<p><strong>9.4.<\/strong> Si les dispositions de ces termes et conditions sont ou deviennent inefficaces ou inapplicables en tout ou en partie, cela n\u2019affectera pas la validit\u00e9 des dispositions restantes. En lieu de la disposition inefficace ou inapplicable, il convient d\u2019utiliser une disposition qui, de bonne foi, correspond \u00e0 l\u2019objet des pr\u00e9sentes conditions g\u00e9n\u00e9rales.<\/p>\n","protected":false},"excerpt":{"rendered":"<p>Conditions g\u00e9n\u00e9rales d&#8217;utilisation Port\u00e9e 1.1. Pour la relation commerciale entre AIC, immatricul\u00e9e au registre du commerce N\u00b00000000000 d\u00e9livr\u00e9 par xxxxxxxx et le client, les conditions g\u00e9n\u00e9rales s\u2019appliquent exclusivement dans leur version en vigueur au moment de la conclusion du contrat. 1.2. Nous travaillons exclusivement sur la base des \u00abConditions g\u00e9n\u00e9rales d\u2019exp\u00e9dition alg\u00e9reinnes\u00bb, dont la version [&hellip;]<\/p>\n","protected":false},"author":1,"featured_media":2770,"parent":0,"menu_order":0,"comment_status":"closed","ping_status":"closed","template":"","meta":{"footnotes":""},"class_list":["post-2766","page","type-page","status-publish","has-post-thumbnail","hentry"],"yoast_head":"<!-- This site is optimized with the Yoast SEO plugin v19.3 - https:\/\/yoast.com\/wordpress\/plugins\/seo\/ -->\n<title>Conditions d&#039;utilisation - avionshipping-dz<\/title>\n<meta name=\"description\" content=\"Vous trouverez sur cette page les diff\u00e9rentes modalit\u00e9s d\u2019utilisation du pr\u00e9sent site. En vous connectant sur ce site, vous acceptez, sans r\u00e9serves, les pr\u00e9sentes modalit\u00e9s.\" \/>\n<meta name=\"robots\" content=\"index, follow, max-snippet:-1, max-image-preview:large, max-video-preview:-1\" \/>\n<link rel=\"canonical\" href=\"https:\/\/avionshipping-dz.com\/update\/conditions-generales-dutilisation\/\" \/>\n<meta property=\"og:locale\" content=\"fr_FR\" \/>\n<meta property=\"og:type\" content=\"article\" \/>\n<meta property=\"og:title\" content=\"Conditions d&#039;utilisation - avionshipping-dz\" \/>\n<meta property=\"og:description\" content=\"Vous trouverez sur cette page les diff\u00e9rentes modalit\u00e9s d\u2019utilisation du pr\u00e9sent site. En vous connectant sur ce site, vous acceptez, sans r\u00e9serves, les pr\u00e9sentes modalit\u00e9s.\" \/>\n<meta property=\"og:url\" content=\"https:\/\/avionshipping-dz.com\/update\/conditions-generales-dutilisation\/\" \/>\n<meta property=\"og:site_name\" content=\"avionshipping-dz\" \/>\n<meta property=\"article:modified_time\" content=\"2021-12-29T07:52:27+00:00\" \/>\n<meta property=\"og:image\" content=\"https:\/\/avionshipping-dz.com\/wp-content\/uploads\/2021\/12\/banner.jpg\" \/>\n\t<meta property=\"og:image:width\" content=\"1700\" \/>\n\t<meta property=\"og:image:height\" content=\"30\" \/>\n\t<meta property=\"og:image:type\" content=\"image\/jpeg\" \/>\n<meta name=\"twitter:card\" content=\"summary_large_image\" \/>\n<meta name=\"twitter:label1\" content=\"Dur\u00e9e de lecture estim\u00e9e\" \/>\n\t<meta name=\"twitter:data1\" content=\"5 minutes\" \/>\n<script type=\"application\/ld+json\" class=\"yoast-schema-graph\">{\"@context\":\"https:\/\/schema.org\",\"@graph\":[{\"@type\":\"Organization\",\"@id\":\"https:\/\/avionshipping-dz.com\/update\/#organization\",\"name\":\"avionshipping-dz\",\"url\":\"https:\/\/avionshipping-dz.com\/update\/\",\"sameAs\":[],\"logo\":{\"@type\":\"ImageObject\",\"inLanguage\":\"fr-FR\",\"@id\":\"https:\/\/avionshipping-dz.com\/update\/#\/schema\/logo\/image\/\",\"url\":\"https:\/\/avionshipping-dz.com\/wp-content\/uploads\/2020\/03\/Logo-AIC.png\",\"contentUrl\":\"https:\/\/avionshipping-dz.com\/wp-content\/uploads\/2020\/03\/Logo-AIC.png\",\"width\":672,\"height\":432,\"caption\":\"avionshipping-dz\"},\"image\":{\"@id\":\"https:\/\/avionshipping-dz.com\/update\/#\/schema\/logo\/image\/\"}},{\"@type\":\"WebSite\",\"@id\":\"https:\/\/avionshipping-dz.com\/update\/#website\",\"url\":\"https:\/\/avionshipping-dz.com\/update\/\",\"name\":\"avionshipping-dz\",\"description\":\"\",\"publisher\":{\"@id\":\"https:\/\/avionshipping-dz.com\/update\/#organization\"},\"potentialAction\":[{\"@type\":\"SearchAction\",\"target\":{\"@type\":\"EntryPoint\",\"urlTemplate\":\"https:\/\/avionshipping-dz.com\/update\/?s={search_term_string}\"},\"query-input\":\"required name=search_term_string\"}],\"inLanguage\":\"fr-FR\"},{\"@type\":\"ImageObject\",\"inLanguage\":\"fr-FR\",\"@id\":\"https:\/\/avionshipping-dz.com\/update\/conditions-generales-dutilisation\/#primaryimage\",\"url\":\"https:\/\/avionshipping-dz.com\/wp-content\/uploads\/2021\/12\/banner.jpg\",\"contentUrl\":\"https:\/\/avionshipping-dz.com\/wp-content\/uploads\/2021\/12\/banner.jpg\",\"width\":1700,\"height\":30},{\"@type\":\"WebPage\",\"@id\":\"https:\/\/avionshipping-dz.com\/update\/conditions-generales-dutilisation\/\",\"url\":\"https:\/\/avionshipping-dz.com\/update\/conditions-generales-dutilisation\/\",\"name\":\"Conditions d'utilisation - avionshipping-dz\",\"isPartOf\":{\"@id\":\"https:\/\/avionshipping-dz.com\/update\/#website\"},\"primaryImageOfPage\":{\"@id\":\"https:\/\/avionshipping-dz.com\/update\/conditions-generales-dutilisation\/#primaryimage\"},\"datePublished\":\"2021-12-27T12:44:40+00:00\",\"dateModified\":\"2021-12-29T07:52:27+00:00\",\"description\":\"Vous trouverez sur cette page les diff\u00e9rentes modalit\u00e9s d\u2019utilisation du pr\u00e9sent site. En vous connectant sur ce site, vous acceptez, sans r\u00e9serves, les pr\u00e9sentes modalit\u00e9s.\",\"breadcrumb\":{\"@id\":\"https:\/\/avionshipping-dz.com\/update\/conditions-generales-dutilisation\/#breadcrumb\"},\"inLanguage\":\"fr-FR\",\"potentialAction\":[{\"@type\":\"ReadAction\",\"target\":[\"https:\/\/avionshipping-dz.com\/update\/conditions-generales-dutilisation\/\"]}]},{\"@type\":\"BreadcrumbList\",\"@id\":\"https:\/\/avionshipping-dz.com\/update\/conditions-generales-dutilisation\/#breadcrumb\",\"itemListElement\":[{\"@type\":\"ListItem\",\"position\":1,\"name\":\"Accueil\",\"item\":\"https:\/\/avionshipping-dz.com\/update\/\"},{\"@type\":\"ListItem\",\"position\":2,\"name\":\"Conditions d&rsquo;utilisation\"}]}]}<\/script>\n<!-- \/ Yoast SEO plugin. -->","yoast_head_json":{"title":"Conditions d'utilisation - avionshipping-dz","description":"Vous trouverez sur cette page les diff\u00e9rentes modalit\u00e9s d\u2019utilisation du pr\u00e9sent site. En vous connectant sur ce site, vous acceptez, sans r\u00e9serves, les pr\u00e9sentes modalit\u00e9s.","robots":{"index":"index","follow":"follow","max-snippet":"max-snippet:-1","max-image-preview":"max-image-preview:large","max-video-preview":"max-video-preview:-1"},"canonical":"https:\/\/avionshipping-dz.com\/update\/conditions-generales-dutilisation\/","og_locale":"fr_FR","og_type":"article","og_title":"Conditions d'utilisation - avionshipping-dz","og_description":"Vous trouverez sur cette page les diff\u00e9rentes modalit\u00e9s d\u2019utilisation du pr\u00e9sent site. En vous connectant sur ce site, vous acceptez, sans r\u00e9serves, les pr\u00e9sentes modalit\u00e9s.","og_url":"https:\/\/avionshipping-dz.com\/update\/conditions-generales-dutilisation\/","og_site_name":"avionshipping-dz","article_modified_time":"2021-12-29T07:52:27+00:00","og_image":[{"width":1700,"height":30,"url":"https:\/\/avionshipping-dz.com\/wp-content\/uploads\/2021\/12\/banner.jpg","type":"image\/jpeg"}],"twitter_card":"summary_large_image","twitter_misc":{"Dur\u00e9e de lecture estim\u00e9e":"5 minutes"},"schema":{"@context":"https:\/\/schema.org","@graph":[{"@type":"Organization","@id":"https:\/\/avionshipping-dz.com\/update\/#organization","name":"avionshipping-dz","url":"https:\/\/avionshipping-dz.com\/update\/","sameAs":[],"logo":{"@type":"ImageObject","inLanguage":"fr-FR","@id":"https:\/\/avionshipping-dz.com\/update\/#\/schema\/logo\/image\/","url":"https:\/\/avionshipping-dz.com\/wp-content\/uploads\/2020\/03\/Logo-AIC.png","contentUrl":"https:\/\/avionshipping-dz.com\/wp-content\/uploads\/2020\/03\/Logo-AIC.png","width":672,"height":432,"caption":"avionshipping-dz"},"image":{"@id":"https:\/\/avionshipping-dz.com\/update\/#\/schema\/logo\/image\/"}},{"@type":"WebSite","@id":"https:\/\/avionshipping-dz.com\/update\/#website","url":"https:\/\/avionshipping-dz.com\/update\/","name":"avionshipping-dz","description":"","publisher":{"@id":"https:\/\/avionshipping-dz.com\/update\/#organization"},"potentialAction":[{"@type":"SearchAction","target":{"@type":"EntryPoint","urlTemplate":"https:\/\/avionshipping-dz.com\/update\/?s={search_term_string}"},"query-input":"required name=search_term_string"}],"inLanguage":"fr-FR"},{"@type":"ImageObject","inLanguage":"fr-FR","@id":"https:\/\/avionshipping-dz.com\/update\/conditions-generales-dutilisation\/#primaryimage","url":"https:\/\/avionshipping-dz.com\/wp-content\/uploads\/2021\/12\/banner.jpg","contentUrl":"https:\/\/avionshipping-dz.com\/wp-content\/uploads\/2021\/12\/banner.jpg","width":1700,"height":30},{"@type":"WebPage","@id":"https:\/\/avionshipping-dz.com\/update\/conditions-generales-dutilisation\/","url":"https:\/\/avionshipping-dz.com\/update\/conditions-generales-dutilisation\/","name":"Conditions d'utilisation - avionshipping-dz","isPartOf":{"@id":"https:\/\/avionshipping-dz.com\/update\/#website"},"primaryImageOfPage":{"@id":"https:\/\/avionshipping-dz.com\/update\/conditions-generales-dutilisation\/#primaryimage"},"datePublished":"2021-12-27T12:44:40+00:00","dateModified":"2021-12-29T07:52:27+00:00","description":"Vous trouverez sur cette page les diff\u00e9rentes modalit\u00e9s d\u2019utilisation du pr\u00e9sent site. En vous connectant sur ce site, vous acceptez, sans r\u00e9serves, les pr\u00e9sentes modalit\u00e9s.","breadcrumb":{"@id":"https:\/\/avionshipping-dz.com\/update\/conditions-generales-dutilisation\/#breadcrumb"},"inLanguage":"fr-FR","potentialAction":[{"@type":"ReadAction","target":["https:\/\/avionshipping-dz.com\/update\/conditions-generales-dutilisation\/"]}]},{"@type":"BreadcrumbList","@id":"https:\/\/avionshipping-dz.com\/update\/conditions-generales-dutilisation\/#breadcrumb","itemListElement":[{"@type":"ListItem","position":1,"name":"Accueil","item":"https:\/\/avionshipping-dz.com\/update\/"},{"@type":"ListItem","position":2,"name":"Conditions d&rsquo;utilisation"}]}]}},"_links":{"self":[{"href":"https:\/\/avionshipping-dz.com\/update\/wp-json\/wp\/v2\/pages\/2766","targetHints":{"allow":["GET"]}}],"collection":[{"href":"https:\/\/avionshipping-dz.com\/update\/wp-json\/wp\/v2\/pages"}],"about":[{"href":"https:\/\/avionshipping-dz.com\/update\/wp-json\/wp\/v2\/types\/page"}],"author":[{"embeddable":true,"href":"https:\/\/avionshipping-dz.com\/update\/wp-json\/wp\/v2\/users\/1"}],"replies":[{"embeddable":true,"href":"https:\/\/avionshipping-dz.com\/update\/wp-json\/wp\/v2\/comments?post=2766"}],"version-history":[{"count":6,"href":"https:\/\/avionshipping-dz.com\/update\/wp-json\/wp\/v2\/pages\/2766\/revisions"}],"predecessor-version":[{"id":2876,"href":"https:\/\/avionshipping-dz.com\/update\/wp-json\/wp\/v2\/pages\/2766\/revisions\/2876"}],"wp:featuredmedia":[{"embeddable":true,"href":"https:\/\/avionshipping-dz.com\/update\/wp-json\/wp\/v2\/media\/2770"}],"wp:attachment":[{"href":"https:\/\/avionshipping-dz.com\/update\/wp-json\/wp\/v2\/media?parent=2766"}],"curies":[{"name":"wp","href":"https:\/\/api.w.org\/{rel}","templated":true}]}}