{"id":2773,"date":"2021-12-27T14:00:08","date_gmt":"2021-12-27T13:00:08","guid":{"rendered":"http:\/\/localhost\/shipping\/?page_id=2773"},"modified":"2022-07-05T17:44:56","modified_gmt":"2022-07-05T16:44:56","slug":"nos-experts","status":"publish","type":"page","link":"https:\/\/avionshipping-dz.com\/update\/nos-experts\/","title":{"rendered":"Nos experts"},"content":{"rendered":"<p>Nos experts <\/p>\n<h1>\n            <\/h1>\n<h3><\/h3>\n<ul>\n\t\t\t\t\t\t\t\t\t\t\t<\/ul>\n<p>\t\t\t\t\t\t\t\t            \t\t\t                <a ><br \/>\n\t\t\t                    \t\t\t                    \t\t\t                <\/a><\/p>\n<p><strong>\u00ab\u00a0<\/strong><em> chez\u00a0 AIC, nous \u0153uvrerons au quotidien pour aider nos clients et leurs permettre de se concentrer sur leur c\u0153ur de m\u00e9tier\u00a0<\/em><strong>\u00bb<\/strong><\/p>\n<p>AIC dispose d\u2019experts et de conseillers sp\u00e9cialis\u00e9s dans le <strong>fret international<\/strong> et en gestion des douanes,\u00a0afin de vous assister pendant tout le processus de mouvement de vos marchandises d\u2019un pays \u00e0 un autre.<\/p>\n<p>Nous effectuons pour vous les formalit\u00e9s et contr\u00f4les pr\u00e9alables n\u00e9cessaires \u00e0 l\u2019acheminement de votre cargaison dans les <strong>meilleurs d\u00e9lais<\/strong> et \u00e0 <strong>moindre co\u00fbt.<\/strong><\/p>\n<p>La simplification des formalit\u00e9s douani\u00e8res est \u00e9galement un de nos principaux atout et constitue m\u00eame un avantage concurrentiel.<\/p>\n<p>Fort d\u2019une exp\u00e9rience av\u00e9r\u00e9e dans le domaine du fret, nos \u00e9quipes ont acquis une <strong>expertise<\/strong> dans les activit\u00e9s de premier ordre tel\u00a0que l\u2019industrie, le retail , le cross trade \u00a0ainsi que les produits dangereux<\/p>\n<p>\u00a0<\/p>\n<h3>\n            Nos experts        <\/h3>\n<p>        Une \u00e9quipe d&#039;experts qualifi\u00e9s sont \u00e0 votre disposition<\/p>\n<h3>\n            Service client         <\/h3>\n<p>        Besoin d&#039;\u00e9coute ?!  Nous sommes \u00e0 votre disposition.<\/p>\n","protected":false},"excerpt":{"rendered":"<p>Nos experts \u00ab\u00a0 chez\u00a0 AIC, nous \u0153uvrerons au quotidien pour aider nos clients et leurs permettre de se concentrer sur leur c\u0153ur de m\u00e9tier\u00a0\u00bb AIC dispose d\u2019experts et de conseillers sp\u00e9cialis\u00e9s dans le fret international et en gestion des douanes,\u00a0afin de vous assister pendant tout le processus de mouvement de vos marchandises d\u2019un pays \u00e0 [&hellip;]<\/p>\n","protected":false},"author":1,"featured_media":2770,"parent":0,"menu_order":0,"comment_status":"closed","ping_status":"closed","template":"","meta":{"footnotes":""},"class_list":["post-2773","page","type-page","status-publish","has-post-thumbnail","hentry"],"yoast_head":"<!-- This site is optimized with the Yoast SEO plugin v19.3 - https:\/\/yoast.com\/wordpress\/plugins\/seo\/ -->\n<title>Nos experts - avionshipping-dz<\/title>\n<meta name=\"description\" content=\"AIC dispose d\u2019experts en fiscalit\u00e9 internationale et en gestion des douanes qui vous assisteront pendant le mouvement de marchandises d\u2019un pays \u00e0 un autre.\" \/>\n<meta name=\"robots\" content=\"index, follow, max-snippet:-1, max-image-preview:large, max-video-preview:-1\" \/>\n<link rel=\"canonical\" href=\"https:\/\/avionshipping-dz.com\/update\/nos-experts\/\" \/>\n<meta property=\"og:locale\" content=\"fr_FR\" \/>\n<meta property=\"og:type\" content=\"article\" \/>\n<meta property=\"og:title\" content=\"Nos experts - avionshipping-dz\" \/>\n<meta property=\"og:description\" content=\"AIC dispose d\u2019experts en fiscalit\u00e9 internationale et en gestion des douanes qui vous assisteront pendant le mouvement de marchandises d\u2019un pays \u00e0 un autre.\" \/>\n<meta property=\"og:url\" content=\"https:\/\/avionshipping-dz.com\/update\/nos-experts\/\" \/>\n<meta property=\"og:site_name\" content=\"avionshipping-dz\" \/>\n<meta property=\"article:modified_time\" content=\"2022-07-05T16:44:56+00:00\" \/>\n<meta property=\"og:image\" content=\"https:\/\/avionshipping-dz.com\/wp-content\/uploads\/2021\/12\/banner.jpg\" \/>\n\t<meta property=\"og:image:width\" content=\"1700\" \/>\n\t<meta property=\"og:image:height\" content=\"30\" \/>\n\t<meta property=\"og:image:type\" content=\"image\/jpeg\" \/>\n<meta name=\"twitter:card\" content=\"summary_large_image\" \/>\n<meta name=\"twitter:label1\" content=\"Dur\u00e9e de lecture estim\u00e9e\" \/>\n\t<meta name=\"twitter:data1\" content=\"1 minute\" \/>\n<script type=\"application\/ld+json\" class=\"yoast-schema-graph\">{\"@context\":\"https:\/\/schema.org\",\"@graph\":[{\"@type\":\"Organization\",\"@id\":\"https:\/\/avionshipping-dz.com\/update\/#organization\",\"name\":\"avionshipping-dz\",\"url\":\"https:\/\/avionshipping-dz.com\/update\/\",\"sameAs\":[],\"logo\":{\"@type\":\"ImageObject\",\"inLanguage\":\"fr-FR\",\"@id\":\"https:\/\/avionshipping-dz.com\/update\/#\/schema\/logo\/image\/\",\"url\":\"https:\/\/avionshipping-dz.com\/wp-content\/uploads\/2020\/03\/Logo-AIC.png\",\"contentUrl\":\"https:\/\/avionshipping-dz.com\/wp-content\/uploads\/2020\/03\/Logo-AIC.png\",\"width\":672,\"height\":432,\"caption\":\"avionshipping-dz\"},\"image\":{\"@id\":\"https:\/\/avionshipping-dz.com\/update\/#\/schema\/logo\/image\/\"}},{\"@type\":\"WebSite\",\"@id\":\"https:\/\/avionshipping-dz.com\/update\/#website\",\"url\":\"https:\/\/avionshipping-dz.com\/update\/\",\"name\":\"avionshipping-dz\",\"description\":\"\",\"publisher\":{\"@id\":\"https:\/\/avionshipping-dz.com\/update\/#organization\"},\"potentialAction\":[{\"@type\":\"SearchAction\",\"target\":{\"@type\":\"EntryPoint\",\"urlTemplate\":\"https:\/\/avionshipping-dz.com\/update\/?s={search_term_string}\"},\"query-input\":\"required name=search_term_string\"}],\"inLanguage\":\"fr-FR\"},{\"@type\":\"ImageObject\",\"inLanguage\":\"fr-FR\",\"@id\":\"https:\/\/avionshipping-dz.com\/update\/nos-experts\/#primaryimage\",\"url\":\"https:\/\/avionshipping-dz.com\/wp-content\/uploads\/2021\/12\/banner.jpg\",\"contentUrl\":\"https:\/\/avionshipping-dz.com\/wp-content\/uploads\/2021\/12\/banner.jpg\",\"width\":1700,\"height\":30},{\"@type\":\"WebPage\",\"@id\":\"https:\/\/avionshipping-dz.com\/update\/nos-experts\/\",\"url\":\"https:\/\/avionshipping-dz.com\/update\/nos-experts\/\",\"name\":\"Nos experts - avionshipping-dz\",\"isPartOf\":{\"@id\":\"https:\/\/avionshipping-dz.com\/update\/#website\"},\"primaryImageOfPage\":{\"@id\":\"https:\/\/avionshipping-dz.com\/update\/nos-experts\/#primaryimage\"},\"datePublished\":\"2021-12-27T13:00:08+00:00\",\"dateModified\":\"2022-07-05T16:44:56+00:00\",\"description\":\"AIC dispose d\u2019experts en fiscalit\u00e9 internationale et en gestion des douanes qui vous assisteront pendant le mouvement de marchandises d\u2019un pays \u00e0 un autre.\",\"breadcrumb\":{\"@id\":\"https:\/\/avionshipping-dz.com\/update\/nos-experts\/#breadcrumb\"},\"inLanguage\":\"fr-FR\",\"potentialAction\":[{\"@type\":\"ReadAction\",\"target\":[\"https:\/\/avionshipping-dz.com\/update\/nos-experts\/\"]}]},{\"@type\":\"BreadcrumbList\",\"@id\":\"https:\/\/avionshipping-dz.com\/update\/nos-experts\/#breadcrumb\",\"itemListElement\":[{\"@type\":\"ListItem\",\"position\":1,\"name\":\"Accueil\",\"item\":\"https:\/\/avionshipping-dz.com\/update\/\"},{\"@type\":\"ListItem\",\"position\":2,\"name\":\"Nos experts\"}]}]}<\/script>\n<!-- \/ Yoast SEO plugin. -->","yoast_head_json":{"title":"Nos experts - avionshipping-dz","description":"AIC dispose d\u2019experts en fiscalit\u00e9 internationale et en gestion des douanes qui vous assisteront pendant le mouvement de marchandises d\u2019un pays \u00e0 un autre.","robots":{"index":"index","follow":"follow","max-snippet":"max-snippet:-1","max-image-preview":"max-image-preview:large","max-video-preview":"max-video-preview:-1"},"canonical":"https:\/\/avionshipping-dz.com\/update\/nos-experts\/","og_locale":"fr_FR","og_type":"article","og_title":"Nos experts - avionshipping-dz","og_description":"AIC dispose d\u2019experts en fiscalit\u00e9 internationale et en gestion des douanes qui vous assisteront pendant le mouvement de marchandises d\u2019un pays \u00e0 un autre.","og_url":"https:\/\/avionshipping-dz.com\/update\/nos-experts\/","og_site_name":"avionshipping-dz","article_modified_time":"2022-07-05T16:44:56+00:00","og_image":[{"width":1700,"height":30,"url":"https:\/\/avionshipping-dz.com\/wp-content\/uploads\/2021\/12\/banner.jpg","type":"image\/jpeg"}],"twitter_card":"summary_large_image","twitter_misc":{"Dur\u00e9e de lecture estim\u00e9e":"1 minute"},"schema":{"@context":"https:\/\/schema.org","@graph":[{"@type":"Organization","@id":"https:\/\/avionshipping-dz.com\/update\/#organization","name":"avionshipping-dz","url":"https:\/\/avionshipping-dz.com\/update\/","sameAs":[],"logo":{"@type":"ImageObject","inLanguage":"fr-FR","@id":"https:\/\/avionshipping-dz.com\/update\/#\/schema\/logo\/image\/","url":"https:\/\/avionshipping-dz.com\/wp-content\/uploads\/2020\/03\/Logo-AIC.png","contentUrl":"https:\/\/avionshipping-dz.com\/wp-content\/uploads\/2020\/03\/Logo-AIC.png","width":672,"height":432,"caption":"avionshipping-dz"},"image":{"@id":"https:\/\/avionshipping-dz.com\/update\/#\/schema\/logo\/image\/"}},{"@type":"WebSite","@id":"https:\/\/avionshipping-dz.com\/update\/#website","url":"https:\/\/avionshipping-dz.com\/update\/","name":"avionshipping-dz","description":"","publisher":{"@id":"https:\/\/avionshipping-dz.com\/update\/#organization"},"potentialAction":[{"@type":"SearchAction","target":{"@type":"EntryPoint","urlTemplate":"https:\/\/avionshipping-dz.com\/update\/?s={search_term_string}"},"query-input":"required name=search_term_string"}],"inLanguage":"fr-FR"},{"@type":"ImageObject","inLanguage":"fr-FR","@id":"https:\/\/avionshipping-dz.com\/update\/nos-experts\/#primaryimage","url":"https:\/\/avionshipping-dz.com\/wp-content\/uploads\/2021\/12\/banner.jpg","contentUrl":"https:\/\/avionshipping-dz.com\/wp-content\/uploads\/2021\/12\/banner.jpg","width":1700,"height":30},{"@type":"WebPage","@id":"https:\/\/avionshipping-dz.com\/update\/nos-experts\/","url":"https:\/\/avionshipping-dz.com\/update\/nos-experts\/","name":"Nos experts - avionshipping-dz","isPartOf":{"@id":"https:\/\/avionshipping-dz.com\/update\/#website"},"primaryImageOfPage":{"@id":"https:\/\/avionshipping-dz.com\/update\/nos-experts\/#primaryimage"},"datePublished":"2021-12-27T13:00:08+00:00","dateModified":"2022-07-05T16:44:56+00:00","description":"AIC dispose d\u2019experts en fiscalit\u00e9 internationale et en gestion des douanes qui vous assisteront pendant le mouvement de marchandises d\u2019un pays \u00e0 un autre.","breadcrumb":{"@id":"https:\/\/avionshipping-dz.com\/update\/nos-experts\/#breadcrumb"},"inLanguage":"fr-FR","potentialAction":[{"@type":"ReadAction","target":["https:\/\/avionshipping-dz.com\/update\/nos-experts\/"]}]},{"@type":"BreadcrumbList","@id":"https:\/\/avionshipping-dz.com\/update\/nos-experts\/#breadcrumb","itemListElement":[{"@type":"ListItem","position":1,"name":"Accueil","item":"https:\/\/avionshipping-dz.com\/update\/"},{"@type":"ListItem","position":2,"name":"Nos experts"}]}]}},"_links":{"self":[{"href":"https:\/\/avionshipping-dz.com\/update\/wp-json\/wp\/v2\/pages\/2773","targetHints":{"allow":["GET"]}}],"collection":[{"href":"https:\/\/avionshipping-dz.com\/update\/wp-json\/wp\/v2\/pages"}],"about":[{"href":"https:\/\/avionshipping-dz.com\/update\/wp-json\/wp\/v2\/types\/page"}],"author":[{"embeddable":true,"href":"https:\/\/avionshipping-dz.com\/update\/wp-json\/wp\/v2\/users\/1"}],"replies":[{"embeddable":true,"href":"https:\/\/avionshipping-dz.com\/update\/wp-json\/wp\/v2\/comments?post=2773"}],"version-history":[{"count":23,"href":"https:\/\/avionshipping-dz.com\/update\/wp-json\/wp\/v2\/pages\/2773\/revisions"}],"predecessor-version":[{"id":3286,"href":"https:\/\/avionshipping-dz.com\/update\/wp-json\/wp\/v2\/pages\/2773\/revisions\/3286"}],"wp:featuredmedia":[{"embeddable":true,"href":"https:\/\/avionshipping-dz.com\/update\/wp-json\/wp\/v2\/media\/2770"}],"wp:attachment":[{"href":"https:\/\/avionshipping-dz.com\/update\/wp-json\/wp\/v2\/media?parent=2773"}],"curies":[{"name":"wp","href":"https:\/\/api.w.org\/{rel}","templated":true}]}}