{"id":2777,"date":"2021-12-27T14:31:02","date_gmt":"2021-12-27T13:31:02","guid":{"rendered":"http:\/\/localhost\/shipping\/?page_id=2777"},"modified":"2022-01-07T09:52:12","modified_gmt":"2022-01-07T08:52:12","slug":"entreposage-franc","status":"publish","type":"page","link":"https:\/\/avionshipping-dz.com\/update\/entreposage-franc\/","title":{"rendered":"Entreposage franc"},"content":{"rendered":"<h3>\n        Entreposage franc<br \/>\n        <i><\/i><br \/>\n    <\/h3>\n<h3>C\u2019est quoi ?<\/h3>\n<p>AIC\u00a0 vous propose \u00a0un espace destin\u00e9 \u00e0 l\u2019entreposage des marchandises, en plus des services de manipulation, de maintenance et de s\u00e9curit\u00e9. Ils conviennent \u00e0 tous types de marchandises issues de l\u2019import\/export entre pays.<\/p>\n<h3>Marchandises entrepos\u00e9es et tarifs <\/h3>\n<p>les marchandises peuvent donc rester dans leurs installations pour une dur\u00e9e illimit\u00e9e, quelles que soient leur origine, leur nature, leur quantit\u00e9 ou leur destination, sans payer d\u2019imp\u00f4ts jusqu\u2019\u00e0 leur sortie de l\u2019entrep\u00f4t<br \/>\n    <a href=\"https:\/\/avionshipping-dz.com\/update\/prospect\"><br \/>\n                N\u2019HESITEZ PLUS ET DEMANDEZ UN DEVIS GRATUIT<br \/>\n    <\/a><br \/>\n                    <a>Qu\u2019est-ce qu\u2019un entrep\u00f4t franc ?<\/a><br \/>\n                Un entrep\u00f4t franc est un espace destin\u00e9 au stockage des marchandises, en plus des services de manipulation, de maintenance et de s\u00e9curit\u00e9. Ils conviennent \u00e0 tous types de marchandises issues de l\u2019import\/export entre pays et offre des avantages fiscaux. La cargaison d\u00e9pos\u00e9e n\u2019est pas soumise aux droits \u00e0 l\u2019importation ni aux charges int\u00e9rieures et aux effets de la r\u00e8glementation douani\u00e8re.<br \/>\n                    <a>Comment fonctionne un entrep\u00f4t sous douane ?<\/a><br \/>\n                L\u2019entrep\u00f4t sous douane (ESD) est un entrep\u00f4t qui pr\u00e9sente certains avantages fiscaux pour les marchandises. C\u2019est une zone qui permet d\u2019entreposer pour une dur\u00e9e ind\u00e9termin\u00e9e des marchandises en provenance hors UE, sans \u00eatre soumise \u00e0 aucun imp\u00f4t. Ainsi, l\u2019entrep\u00f4t sous douane permet de diff\u00e9rer le paiement de la TVA d\u2019importation ainsi que celui des droits de douane qui pourraient exister jusqu\u2019\u00e0 la sortie de la marchandise.<\/p>\n","protected":false},"excerpt":{"rendered":"<p>Entreposage franc C\u2019est quoi ? AIC\u00a0 vous propose \u00a0un espace destin\u00e9 \u00e0 l\u2019entreposage des marchandises, en plus des services de manipulation, de maintenance et de s\u00e9curit\u00e9. Ils conviennent \u00e0 tous types de marchandises issues de l\u2019import\/export entre pays. Marchandises entrepos\u00e9es et tarifs les marchandises peuvent donc rester dans leurs installations pour une dur\u00e9e illimit\u00e9e, quelles [&hellip;]<\/p>\n","protected":false},"author":1,"featured_media":2783,"parent":0,"menu_order":0,"comment_status":"closed","ping_status":"closed","template":"","meta":{"footnotes":""},"class_list":["post-2777","page","type-page","status-publish","has-post-thumbnail","hentry"],"yoast_head":"<!-- This site is optimized with the Yoast SEO plugin v19.3 - https:\/\/yoast.com\/wordpress\/plugins\/seo\/ -->\n<title>Entreposage franc - avionshipping-dz<\/title>\n<meta name=\"description\" content=\"AIC vous propose un espace destin\u00e9 \u00e0 l\u2019entreposage des marchandises qui convient \u00e0 tous types de marchandises issues de l\u2019import\/export entre pays.\" \/>\n<meta name=\"robots\" content=\"index, follow, max-snippet:-1, max-image-preview:large, max-video-preview:-1\" \/>\n<link rel=\"canonical\" href=\"https:\/\/avionshipping-dz.com\/update\/entreposage-franc\/\" \/>\n<meta property=\"og:locale\" content=\"fr_FR\" \/>\n<meta property=\"og:type\" content=\"article\" \/>\n<meta property=\"og:title\" content=\"Entreposage franc - avionshipping-dz\" \/>\n<meta property=\"og:description\" content=\"AIC vous propose un espace destin\u00e9 \u00e0 l\u2019entreposage des marchandises qui convient \u00e0 tous types de marchandises issues de l\u2019import\/export entre pays.\" \/>\n<meta property=\"og:url\" content=\"https:\/\/avionshipping-dz.com\/update\/entreposage-franc\/\" \/>\n<meta property=\"og:site_name\" content=\"avionshipping-dz\" \/>\n<meta property=\"article:modified_time\" content=\"2022-01-07T08:52:12+00:00\" \/>\n<meta property=\"og:image\" content=\"https:\/\/avionshipping-dz.com\/wp-content\/uploads\/2021\/12\/entreposage-1.jpg\" \/>\n\t<meta property=\"og:image:width\" content=\"1700\" \/>\n\t<meta property=\"og:image:height\" content=\"328\" \/>\n\t<meta property=\"og:image:type\" content=\"image\/jpeg\" \/>\n<meta name=\"twitter:card\" content=\"summary_large_image\" \/>\n<meta name=\"twitter:label1\" content=\"Dur\u00e9e de lecture estim\u00e9e\" \/>\n\t<meta name=\"twitter:data1\" content=\"2 minutes\" \/>\n<script type=\"application\/ld+json\" class=\"yoast-schema-graph\">{\"@context\":\"https:\/\/schema.org\",\"@graph\":[{\"@type\":\"Organization\",\"@id\":\"https:\/\/avionshipping-dz.com\/update\/#organization\",\"name\":\"avionshipping-dz\",\"url\":\"https:\/\/avionshipping-dz.com\/update\/\",\"sameAs\":[],\"logo\":{\"@type\":\"ImageObject\",\"inLanguage\":\"fr-FR\",\"@id\":\"https:\/\/avionshipping-dz.com\/update\/#\/schema\/logo\/image\/\",\"url\":\"https:\/\/avionshipping-dz.com\/wp-content\/uploads\/2020\/03\/Logo-AIC.png\",\"contentUrl\":\"https:\/\/avionshipping-dz.com\/wp-content\/uploads\/2020\/03\/Logo-AIC.png\",\"width\":672,\"height\":432,\"caption\":\"avionshipping-dz\"},\"image\":{\"@id\":\"https:\/\/avionshipping-dz.com\/update\/#\/schema\/logo\/image\/\"}},{\"@type\":\"WebSite\",\"@id\":\"https:\/\/avionshipping-dz.com\/update\/#website\",\"url\":\"https:\/\/avionshipping-dz.com\/update\/\",\"name\":\"avionshipping-dz\",\"description\":\"\",\"publisher\":{\"@id\":\"https:\/\/avionshipping-dz.com\/update\/#organization\"},\"potentialAction\":[{\"@type\":\"SearchAction\",\"target\":{\"@type\":\"EntryPoint\",\"urlTemplate\":\"https:\/\/avionshipping-dz.com\/update\/?s={search_term_string}\"},\"query-input\":\"required name=search_term_string\"}],\"inLanguage\":\"fr-FR\"},{\"@type\":\"ImageObject\",\"inLanguage\":\"fr-FR\",\"@id\":\"https:\/\/avionshipping-dz.com\/update\/entreposage-franc\/#primaryimage\",\"url\":\"https:\/\/avionshipping-dz.com\/wp-content\/uploads\/2021\/12\/entreposage-1.jpg\",\"contentUrl\":\"https:\/\/avionshipping-dz.com\/wp-content\/uploads\/2021\/12\/entreposage-1.jpg\",\"width\":1700,\"height\":328,\"caption\":\"Entreposage franc\"},{\"@type\":\"WebPage\",\"@id\":\"https:\/\/avionshipping-dz.com\/update\/entreposage-franc\/\",\"url\":\"https:\/\/avionshipping-dz.com\/update\/entreposage-franc\/\",\"name\":\"Entreposage franc - avionshipping-dz\",\"isPartOf\":{\"@id\":\"https:\/\/avionshipping-dz.com\/update\/#website\"},\"primaryImageOfPage\":{\"@id\":\"https:\/\/avionshipping-dz.com\/update\/entreposage-franc\/#primaryimage\"},\"datePublished\":\"2021-12-27T13:31:02+00:00\",\"dateModified\":\"2022-01-07T08:52:12+00:00\",\"description\":\"AIC vous propose un espace destin\u00e9 \u00e0 l\u2019entreposage des marchandises qui convient \u00e0 tous types de marchandises issues de l\u2019import\/export entre pays.\",\"breadcrumb\":{\"@id\":\"https:\/\/avionshipping-dz.com\/update\/entreposage-franc\/#breadcrumb\"},\"inLanguage\":\"fr-FR\",\"potentialAction\":[{\"@type\":\"ReadAction\",\"target\":[\"https:\/\/avionshipping-dz.com\/update\/entreposage-franc\/\"]}]},{\"@type\":\"BreadcrumbList\",\"@id\":\"https:\/\/avionshipping-dz.com\/update\/entreposage-franc\/#breadcrumb\",\"itemListElement\":[{\"@type\":\"ListItem\",\"position\":1,\"name\":\"Accueil\",\"item\":\"https:\/\/avionshipping-dz.com\/update\/\"},{\"@type\":\"ListItem\",\"position\":2,\"name\":\"Entreposage franc\"}]}]}<\/script>\n<!-- \/ Yoast SEO plugin. -->","yoast_head_json":{"title":"Entreposage franc - avionshipping-dz","description":"AIC vous propose un espace destin\u00e9 \u00e0 l\u2019entreposage des marchandises qui convient \u00e0 tous types de marchandises issues de l\u2019import\/export entre pays.","robots":{"index":"index","follow":"follow","max-snippet":"max-snippet:-1","max-image-preview":"max-image-preview:large","max-video-preview":"max-video-preview:-1"},"canonical":"https:\/\/avionshipping-dz.com\/update\/entreposage-franc\/","og_locale":"fr_FR","og_type":"article","og_title":"Entreposage franc - avionshipping-dz","og_description":"AIC vous propose un espace destin\u00e9 \u00e0 l\u2019entreposage des marchandises qui convient \u00e0 tous types de marchandises issues de l\u2019import\/export entre pays.","og_url":"https:\/\/avionshipping-dz.com\/update\/entreposage-franc\/","og_site_name":"avionshipping-dz","article_modified_time":"2022-01-07T08:52:12+00:00","og_image":[{"width":1700,"height":328,"url":"https:\/\/avionshipping-dz.com\/wp-content\/uploads\/2021\/12\/entreposage-1.jpg","type":"image\/jpeg"}],"twitter_card":"summary_large_image","twitter_misc":{"Dur\u00e9e de lecture estim\u00e9e":"2 minutes"},"schema":{"@context":"https:\/\/schema.org","@graph":[{"@type":"Organization","@id":"https:\/\/avionshipping-dz.com\/update\/#organization","name":"avionshipping-dz","url":"https:\/\/avionshipping-dz.com\/update\/","sameAs":[],"logo":{"@type":"ImageObject","inLanguage":"fr-FR","@id":"https:\/\/avionshipping-dz.com\/update\/#\/schema\/logo\/image\/","url":"https:\/\/avionshipping-dz.com\/wp-content\/uploads\/2020\/03\/Logo-AIC.png","contentUrl":"https:\/\/avionshipping-dz.com\/wp-content\/uploads\/2020\/03\/Logo-AIC.png","width":672,"height":432,"caption":"avionshipping-dz"},"image":{"@id":"https:\/\/avionshipping-dz.com\/update\/#\/schema\/logo\/image\/"}},{"@type":"WebSite","@id":"https:\/\/avionshipping-dz.com\/update\/#website","url":"https:\/\/avionshipping-dz.com\/update\/","name":"avionshipping-dz","description":"","publisher":{"@id":"https:\/\/avionshipping-dz.com\/update\/#organization"},"potentialAction":[{"@type":"SearchAction","target":{"@type":"EntryPoint","urlTemplate":"https:\/\/avionshipping-dz.com\/update\/?s={search_term_string}"},"query-input":"required name=search_term_string"}],"inLanguage":"fr-FR"},{"@type":"ImageObject","inLanguage":"fr-FR","@id":"https:\/\/avionshipping-dz.com\/update\/entreposage-franc\/#primaryimage","url":"https:\/\/avionshipping-dz.com\/wp-content\/uploads\/2021\/12\/entreposage-1.jpg","contentUrl":"https:\/\/avionshipping-dz.com\/wp-content\/uploads\/2021\/12\/entreposage-1.jpg","width":1700,"height":328,"caption":"Entreposage franc"},{"@type":"WebPage","@id":"https:\/\/avionshipping-dz.com\/update\/entreposage-franc\/","url":"https:\/\/avionshipping-dz.com\/update\/entreposage-franc\/","name":"Entreposage franc - avionshipping-dz","isPartOf":{"@id":"https:\/\/avionshipping-dz.com\/update\/#website"},"primaryImageOfPage":{"@id":"https:\/\/avionshipping-dz.com\/update\/entreposage-franc\/#primaryimage"},"datePublished":"2021-12-27T13:31:02+00:00","dateModified":"2022-01-07T08:52:12+00:00","description":"AIC vous propose un espace destin\u00e9 \u00e0 l\u2019entreposage des marchandises qui convient \u00e0 tous types de marchandises issues de l\u2019import\/export entre pays.","breadcrumb":{"@id":"https:\/\/avionshipping-dz.com\/update\/entreposage-franc\/#breadcrumb"},"inLanguage":"fr-FR","potentialAction":[{"@type":"ReadAction","target":["https:\/\/avionshipping-dz.com\/update\/entreposage-franc\/"]}]},{"@type":"BreadcrumbList","@id":"https:\/\/avionshipping-dz.com\/update\/entreposage-franc\/#breadcrumb","itemListElement":[{"@type":"ListItem","position":1,"name":"Accueil","item":"https:\/\/avionshipping-dz.com\/update\/"},{"@type":"ListItem","position":2,"name":"Entreposage franc"}]}]}},"_links":{"self":[{"href":"https:\/\/avionshipping-dz.com\/update\/wp-json\/wp\/v2\/pages\/2777","targetHints":{"allow":["GET"]}}],"collection":[{"href":"https:\/\/avionshipping-dz.com\/update\/wp-json\/wp\/v2\/pages"}],"about":[{"href":"https:\/\/avionshipping-dz.com\/update\/wp-json\/wp\/v2\/types\/page"}],"author":[{"embeddable":true,"href":"https:\/\/avionshipping-dz.com\/update\/wp-json\/wp\/v2\/users\/1"}],"replies":[{"embeddable":true,"href":"https:\/\/avionshipping-dz.com\/update\/wp-json\/wp\/v2\/comments?post=2777"}],"version-history":[{"count":8,"href":"https:\/\/avionshipping-dz.com\/update\/wp-json\/wp\/v2\/pages\/2777\/revisions"}],"predecessor-version":[{"id":3083,"href":"https:\/\/avionshipping-dz.com\/update\/wp-json\/wp\/v2\/pages\/2777\/revisions\/3083"}],"wp:featuredmedia":[{"embeddable":true,"href":"https:\/\/avionshipping-dz.com\/update\/wp-json\/wp\/v2\/media\/2783"}],"wp:attachment":[{"href":"https:\/\/avionshipping-dz.com\/update\/wp-json\/wp\/v2\/media?parent=2777"}],"curies":[{"name":"wp","href":"https:\/\/api.w.org\/{rel}","templated":true}]}}