{"id":2801,"date":"2021-12-27T14:54:38","date_gmt":"2021-12-27T13:54:38","guid":{"rendered":"http:\/\/localhost\/shipping\/?page_id=2801"},"modified":"2022-07-05T15:14:29","modified_gmt":"2022-07-05T14:14:29","slug":"fret-conventionnel","status":"publish","type":"page","link":"https:\/\/avionshipping-dz.com\/update\/fret-conventionnel\/","title":{"rendered":"Fret conventionnel"},"content":{"rendered":"<h3>\n        Transport conventionnel<br \/>\n        <i><\/i><br \/>\n    <\/h3>\n<h3>C\u2019est quoi ?<\/h3>\n<p>Il concerne les marchandises qui ne sont pas transport\u00e9es ni en vrac, ni en conteneurs, ni en charges roulantes (ro-ro). Il concerne les marchandises transport\u00e9es \u00e0 nu ou avec des emballages l\u00e9gers, sans conditionnement particulier autre que des emballages ponctuels. Il fait toujours l&#8217;objet d&#8217;un chargement vertical<\/p>\n<h3><strong>Tarifs<\/strong><\/h3>\n<p>Chez AIC,\u00a0 nous prenons ce qu\u2019il y a de mieux dans chacun de nos transports pour optimiser les d\u00e9lais et les co\u00fbts autant que possible.<\/p>\n<p><strong>Transports conventionnels assur\u00e9s<\/strong><\/p>\n<p>\t            \t\tLes produits m\u00e9tallurgiques, (coils, tubes, fer, fil de fer, t\u00f4les etc..)<br \/>\n\t            \t\tLes produits alimentaires (farine, sucre, riz, fruits et l\u00e9gumes, produits sous froid&#8230;)<br \/>\n\t            \t\tLes produits forestiers (bois en grumes, bois sci\u00e9s, p\u00e2te \u00e0 papier, bobines de papier)<br \/>\n\t            \t\tLes produits finis. Dans cette derni\u00e8re cat\u00e9gorie, on range essentiellement les colis lourds et &quot;&quot;les projets industriels&quot;&quot; (ventes d&#039;usines cl\u00e9 en mains par exemple).<br \/>\n    <a href=\"https:\/\/avionshipping-dz.com\/update\/prospect\"><br \/>\n                N\u2019HESITEZ PLUS ET DEMANDEZ UN DEVIS GRATUIT<br \/>\n    <\/a><\/p>\n","protected":false},"excerpt":{"rendered":"<p>Transport conventionnel C\u2019est quoi ? Il concerne les marchandises qui ne sont pas transport\u00e9es ni en vrac, ni en conteneurs, ni en charges roulantes (ro-ro). Il concerne les marchandises transport\u00e9es \u00e0 nu ou avec des emballages l\u00e9gers, sans conditionnement particulier autre que des emballages ponctuels. Il fait toujours l&#8217;objet d&#8217;un chargement vertical Tarifs Chez AIC,\u00a0 [&hellip;]<\/p>\n","protected":false},"author":1,"featured_media":2804,"parent":0,"menu_order":0,"comment_status":"closed","ping_status":"closed","template":"","meta":{"footnotes":""},"class_list":["post-2801","page","type-page","status-publish","has-post-thumbnail","hentry"],"yoast_head":"<!-- This site is optimized with the Yoast SEO plugin v19.3 - https:\/\/yoast.com\/wordpress\/plugins\/seo\/ -->\n<title>Fret conventionnel - avionshipping-dz<\/title>\n<meta name=\"description\" content=\"Il concerne les marchandises transport\u00e9es \u00e0 nu ou avec des emballages l\u00e9gers, sans conditionnement particulier autre que des emballages ponctuels. Il fait toujours l&#039;objet d&#039;un chargement vertical\" \/>\n<meta name=\"robots\" content=\"index, follow, max-snippet:-1, max-image-preview:large, max-video-preview:-1\" \/>\n<link rel=\"canonical\" href=\"https:\/\/avionshipping-dz.com\/update\/fret-conventionnel\/\" \/>\n<meta property=\"og:locale\" content=\"fr_FR\" \/>\n<meta property=\"og:type\" content=\"article\" \/>\n<meta property=\"og:title\" content=\"Fret conventionnel - avionshipping-dz\" \/>\n<meta property=\"og:description\" content=\"Il concerne les marchandises transport\u00e9es \u00e0 nu ou avec des emballages l\u00e9gers, sans conditionnement particulier autre que des emballages ponctuels. Il fait toujours l&#039;objet d&#039;un chargement vertical\" \/>\n<meta property=\"og:url\" content=\"https:\/\/avionshipping-dz.com\/update\/fret-conventionnel\/\" \/>\n<meta property=\"og:site_name\" content=\"avionshipping-dz\" \/>\n<meta property=\"article:modified_time\" content=\"2022-07-05T14:14:29+00:00\" \/>\n<meta property=\"og:image\" content=\"https:\/\/avionshipping-dz.com\/wp-content\/uploads\/2021\/12\/conventionnel.jpg\" \/>\n\t<meta property=\"og:image:width\" content=\"1700\" \/>\n\t<meta property=\"og:image:height\" content=\"328\" \/>\n\t<meta property=\"og:image:type\" content=\"image\/jpeg\" \/>\n<meta name=\"twitter:card\" content=\"summary_large_image\" \/>\n<meta name=\"twitter:label1\" content=\"Dur\u00e9e de lecture estim\u00e9e\" \/>\n\t<meta name=\"twitter:data1\" content=\"1 minute\" \/>\n<script type=\"application\/ld+json\" class=\"yoast-schema-graph\">{\"@context\":\"https:\/\/schema.org\",\"@graph\":[{\"@type\":\"Organization\",\"@id\":\"https:\/\/avionshipping-dz.com\/update\/#organization\",\"name\":\"avionshipping-dz\",\"url\":\"https:\/\/avionshipping-dz.com\/update\/\",\"sameAs\":[],\"logo\":{\"@type\":\"ImageObject\",\"inLanguage\":\"fr-FR\",\"@id\":\"https:\/\/avionshipping-dz.com\/update\/#\/schema\/logo\/image\/\",\"url\":\"https:\/\/avionshipping-dz.com\/wp-content\/uploads\/2020\/03\/Logo-AIC.png\",\"contentUrl\":\"https:\/\/avionshipping-dz.com\/wp-content\/uploads\/2020\/03\/Logo-AIC.png\",\"width\":672,\"height\":432,\"caption\":\"avionshipping-dz\"},\"image\":{\"@id\":\"https:\/\/avionshipping-dz.com\/update\/#\/schema\/logo\/image\/\"}},{\"@type\":\"WebSite\",\"@id\":\"https:\/\/avionshipping-dz.com\/update\/#website\",\"url\":\"https:\/\/avionshipping-dz.com\/update\/\",\"name\":\"avionshipping-dz\",\"description\":\"\",\"publisher\":{\"@id\":\"https:\/\/avionshipping-dz.com\/update\/#organization\"},\"potentialAction\":[{\"@type\":\"SearchAction\",\"target\":{\"@type\":\"EntryPoint\",\"urlTemplate\":\"https:\/\/avionshipping-dz.com\/update\/?s={search_term_string}\"},\"query-input\":\"required name=search_term_string\"}],\"inLanguage\":\"fr-FR\"},{\"@type\":\"ImageObject\",\"inLanguage\":\"fr-FR\",\"@id\":\"https:\/\/avionshipping-dz.com\/update\/fret-conventionnel\/#primaryimage\",\"url\":\"https:\/\/avionshipping-dz.com\/wp-content\/uploads\/2021\/12\/conventionnel.jpg\",\"contentUrl\":\"https:\/\/avionshipping-dz.com\/wp-content\/uploads\/2021\/12\/conventionnel.jpg\",\"width\":1700,\"height\":328,\"caption\":\"Fret conventionnel\"},{\"@type\":\"WebPage\",\"@id\":\"https:\/\/avionshipping-dz.com\/update\/fret-conventionnel\/\",\"url\":\"https:\/\/avionshipping-dz.com\/update\/fret-conventionnel\/\",\"name\":\"Fret conventionnel - avionshipping-dz\",\"isPartOf\":{\"@id\":\"https:\/\/avionshipping-dz.com\/update\/#website\"},\"primaryImageOfPage\":{\"@id\":\"https:\/\/avionshipping-dz.com\/update\/fret-conventionnel\/#primaryimage\"},\"datePublished\":\"2021-12-27T13:54:38+00:00\",\"dateModified\":\"2022-07-05T14:14:29+00:00\",\"description\":\"Il concerne les marchandises transport\u00e9es \u00e0 nu ou avec des emballages l\u00e9gers, sans conditionnement particulier autre que des emballages ponctuels. Il fait toujours l'objet d'un chargement vertical\",\"breadcrumb\":{\"@id\":\"https:\/\/avionshipping-dz.com\/update\/fret-conventionnel\/#breadcrumb\"},\"inLanguage\":\"fr-FR\",\"potentialAction\":[{\"@type\":\"ReadAction\",\"target\":[\"https:\/\/avionshipping-dz.com\/update\/fret-conventionnel\/\"]}]},{\"@type\":\"BreadcrumbList\",\"@id\":\"https:\/\/avionshipping-dz.com\/update\/fret-conventionnel\/#breadcrumb\",\"itemListElement\":[{\"@type\":\"ListItem\",\"position\":1,\"name\":\"Accueil\",\"item\":\"https:\/\/avionshipping-dz.com\/update\/\"},{\"@type\":\"ListItem\",\"position\":2,\"name\":\"Fret conventionnel\"}]}]}<\/script>\n<!-- \/ Yoast SEO plugin. -->","yoast_head_json":{"title":"Fret conventionnel - avionshipping-dz","description":"Il concerne les marchandises transport\u00e9es \u00e0 nu ou avec des emballages l\u00e9gers, sans conditionnement particulier autre que des emballages ponctuels. Il fait toujours l'objet d'un chargement vertical","robots":{"index":"index","follow":"follow","max-snippet":"max-snippet:-1","max-image-preview":"max-image-preview:large","max-video-preview":"max-video-preview:-1"},"canonical":"https:\/\/avionshipping-dz.com\/update\/fret-conventionnel\/","og_locale":"fr_FR","og_type":"article","og_title":"Fret conventionnel - avionshipping-dz","og_description":"Il concerne les marchandises transport\u00e9es \u00e0 nu ou avec des emballages l\u00e9gers, sans conditionnement particulier autre que des emballages ponctuels. Il fait toujours l'objet d'un chargement vertical","og_url":"https:\/\/avionshipping-dz.com\/update\/fret-conventionnel\/","og_site_name":"avionshipping-dz","article_modified_time":"2022-07-05T14:14:29+00:00","og_image":[{"width":1700,"height":328,"url":"https:\/\/avionshipping-dz.com\/wp-content\/uploads\/2021\/12\/conventionnel.jpg","type":"image\/jpeg"}],"twitter_card":"summary_large_image","twitter_misc":{"Dur\u00e9e de lecture estim\u00e9e":"1 minute"},"schema":{"@context":"https:\/\/schema.org","@graph":[{"@type":"Organization","@id":"https:\/\/avionshipping-dz.com\/update\/#organization","name":"avionshipping-dz","url":"https:\/\/avionshipping-dz.com\/update\/","sameAs":[],"logo":{"@type":"ImageObject","inLanguage":"fr-FR","@id":"https:\/\/avionshipping-dz.com\/update\/#\/schema\/logo\/image\/","url":"https:\/\/avionshipping-dz.com\/wp-content\/uploads\/2020\/03\/Logo-AIC.png","contentUrl":"https:\/\/avionshipping-dz.com\/wp-content\/uploads\/2020\/03\/Logo-AIC.png","width":672,"height":432,"caption":"avionshipping-dz"},"image":{"@id":"https:\/\/avionshipping-dz.com\/update\/#\/schema\/logo\/image\/"}},{"@type":"WebSite","@id":"https:\/\/avionshipping-dz.com\/update\/#website","url":"https:\/\/avionshipping-dz.com\/update\/","name":"avionshipping-dz","description":"","publisher":{"@id":"https:\/\/avionshipping-dz.com\/update\/#organization"},"potentialAction":[{"@type":"SearchAction","target":{"@type":"EntryPoint","urlTemplate":"https:\/\/avionshipping-dz.com\/update\/?s={search_term_string}"},"query-input":"required name=search_term_string"}],"inLanguage":"fr-FR"},{"@type":"ImageObject","inLanguage":"fr-FR","@id":"https:\/\/avionshipping-dz.com\/update\/fret-conventionnel\/#primaryimage","url":"https:\/\/avionshipping-dz.com\/wp-content\/uploads\/2021\/12\/conventionnel.jpg","contentUrl":"https:\/\/avionshipping-dz.com\/wp-content\/uploads\/2021\/12\/conventionnel.jpg","width":1700,"height":328,"caption":"Fret conventionnel"},{"@type":"WebPage","@id":"https:\/\/avionshipping-dz.com\/update\/fret-conventionnel\/","url":"https:\/\/avionshipping-dz.com\/update\/fret-conventionnel\/","name":"Fret conventionnel - avionshipping-dz","isPartOf":{"@id":"https:\/\/avionshipping-dz.com\/update\/#website"},"primaryImageOfPage":{"@id":"https:\/\/avionshipping-dz.com\/update\/fret-conventionnel\/#primaryimage"},"datePublished":"2021-12-27T13:54:38+00:00","dateModified":"2022-07-05T14:14:29+00:00","description":"Il concerne les marchandises transport\u00e9es \u00e0 nu ou avec des emballages l\u00e9gers, sans conditionnement particulier autre que des emballages ponctuels. Il fait toujours l'objet d'un chargement vertical","breadcrumb":{"@id":"https:\/\/avionshipping-dz.com\/update\/fret-conventionnel\/#breadcrumb"},"inLanguage":"fr-FR","potentialAction":[{"@type":"ReadAction","target":["https:\/\/avionshipping-dz.com\/update\/fret-conventionnel\/"]}]},{"@type":"BreadcrumbList","@id":"https:\/\/avionshipping-dz.com\/update\/fret-conventionnel\/#breadcrumb","itemListElement":[{"@type":"ListItem","position":1,"name":"Accueil","item":"https:\/\/avionshipping-dz.com\/update\/"},{"@type":"ListItem","position":2,"name":"Fret conventionnel"}]}]}},"_links":{"self":[{"href":"https:\/\/avionshipping-dz.com\/update\/wp-json\/wp\/v2\/pages\/2801","targetHints":{"allow":["GET"]}}],"collection":[{"href":"https:\/\/avionshipping-dz.com\/update\/wp-json\/wp\/v2\/pages"}],"about":[{"href":"https:\/\/avionshipping-dz.com\/update\/wp-json\/wp\/v2\/types\/page"}],"author":[{"embeddable":true,"href":"https:\/\/avionshipping-dz.com\/update\/wp-json\/wp\/v2\/users\/1"}],"replies":[{"embeddable":true,"href":"https:\/\/avionshipping-dz.com\/update\/wp-json\/wp\/v2\/comments?post=2801"}],"version-history":[{"count":11,"href":"https:\/\/avionshipping-dz.com\/update\/wp-json\/wp\/v2\/pages\/2801\/revisions"}],"predecessor-version":[{"id":3244,"href":"https:\/\/avionshipping-dz.com\/update\/wp-json\/wp\/v2\/pages\/2801\/revisions\/3244"}],"wp:featuredmedia":[{"embeddable":true,"href":"https:\/\/avionshipping-dz.com\/update\/wp-json\/wp\/v2\/media\/2804"}],"wp:attachment":[{"href":"https:\/\/avionshipping-dz.com\/update\/wp-json\/wp\/v2\/media?parent=2801"}],"curies":[{"name":"wp","href":"https:\/\/api.w.org\/{rel}","templated":true}]}}