{"id":2818,"date":"2021-12-27T15:26:02","date_gmt":"2021-12-27T14:26:02","guid":{"rendered":"http:\/\/localhost\/shipping\/?page_id=2818"},"modified":"2022-01-07T09:48:32","modified_gmt":"2022-01-07T08:48:32","slug":"fret-multimodal","status":"publish","type":"page","link":"https:\/\/avionshipping-dz.com\/update\/fret-multimodal\/","title":{"rendered":"Fret multimodal"},"content":{"rendered":"<h3>\n        Fret multimodal<br \/>\n        <i><\/i><br \/>\n    <\/h3>\n<h3>C\u2019est quoi ?<\/h3>\n<p>AIC r\u00e9alise le transport multimodal de tous types de marchandises. Ce type d\u2019op\u00e9rations se d\u00e9finit par la combinaison de deux moyens de transport au minimum afin que la marchandise arrive \u00e0 destination et assure un service porte \u00e0 porte. Les marchandises, cependant, restent dans une m\u00eame unit\u00e9 ou v\u00e9hicule, g\u00e9n\u00e9ralement un conteneur.<\/p>\n<h3><strong>Tarifs<\/strong><\/h3>\n<p>Chez AIC,\u00a0 nous prenons ce qu\u2019il y a de mieux dans chacun de nos transports pour optimiser les d\u00e9lais et les co\u00fbts autant que possible.<\/p>\n<p><strong>Transport multimodal assur\u00e9s\u00a0<\/strong><\/p>\n<p>\t            \t\tMaritime et routier : combinaison de transport multimodal les plus fr\u00e9quentes est celle qui d\u00e9place les marchandises du bateau au camion.<br \/>\n\t            \t\tFerroviaire et routier : bien que nous travaillions dans des zones avec des r\u00e9seaux ferroviaires de qualit\u00e9, il est \u00e9vident qu\u2019un train ne dessert pas tous les lieux accessibles par la route. Il est donc tr\u00e8s utile d\u2019utiliser la vitesse du train pour se rapprocher du lieu de destination, o\u00f9 un camion prend ensuite le conteneur en charge afin d\u2019assurer le service porte \u00e0 porte.<br \/>\n    <a href=\"https:\/\/avionshipping-dz.com\/update\/prospect\"><br \/>\n                N\u2019HESITEZ PLUS ET DEMANDEZ UN DEVIS GRATUIT<br \/>\n    <\/a><\/p>\n","protected":false},"excerpt":{"rendered":"<p>Fret multimodal C\u2019est quoi ? AIC r\u00e9alise le transport multimodal de tous types de marchandises. Ce type d\u2019op\u00e9rations se d\u00e9finit par la combinaison de deux moyens de transport au minimum afin que la marchandise arrive \u00e0 destination et assure un service porte \u00e0 porte. Les marchandises, cependant, restent dans une m\u00eame unit\u00e9 ou v\u00e9hicule, g\u00e9n\u00e9ralement [&hellip;]<\/p>\n","protected":false},"author":1,"featured_media":2822,"parent":0,"menu_order":0,"comment_status":"closed","ping_status":"closed","template":"","meta":{"footnotes":""},"class_list":["post-2818","page","type-page","status-publish","has-post-thumbnail","hentry"],"yoast_head":"<!-- This site is optimized with the Yoast SEO plugin v19.3 - https:\/\/yoast.com\/wordpress\/plugins\/seo\/ -->\n<title>Fret multimodal - avionshipping-dz<\/title>\n<meta name=\"description\" content=\"Nous assurons le transport d&#039;une m\u00eame marchandise par diff\u00e9rents moyens de transport (a\u00e9rien, terrestre, maritime\u2026) en utilisant des Unit\u00e9s de Transport Intermodal (UTI)\" \/>\n<meta name=\"robots\" content=\"index, follow, max-snippet:-1, max-image-preview:large, max-video-preview:-1\" \/>\n<link rel=\"canonical\" href=\"https:\/\/avionshipping-dz.com\/update\/fret-multimodal\/\" \/>\n<meta property=\"og:locale\" content=\"fr_FR\" \/>\n<meta property=\"og:type\" content=\"article\" \/>\n<meta property=\"og:title\" content=\"Fret multimodal - avionshipping-dz\" \/>\n<meta property=\"og:description\" content=\"Nous assurons le transport d&#039;une m\u00eame marchandise par diff\u00e9rents moyens de transport (a\u00e9rien, terrestre, maritime\u2026) en utilisant des Unit\u00e9s de Transport Intermodal (UTI)\" \/>\n<meta property=\"og:url\" content=\"https:\/\/avionshipping-dz.com\/update\/fret-multimodal\/\" \/>\n<meta property=\"og:site_name\" content=\"avionshipping-dz\" \/>\n<meta property=\"article:modified_time\" content=\"2022-01-07T08:48:32+00:00\" \/>\n<meta property=\"og:image\" content=\"https:\/\/avionshipping-dz.com\/wp-content\/uploads\/2021\/12\/multimodal.jpg\" \/>\n\t<meta property=\"og:image:width\" content=\"1700\" \/>\n\t<meta property=\"og:image:height\" content=\"328\" \/>\n\t<meta property=\"og:image:type\" content=\"image\/jpeg\" \/>\n<meta name=\"twitter:card\" content=\"summary_large_image\" \/>\n<meta name=\"twitter:label1\" content=\"Dur\u00e9e de lecture estim\u00e9e\" \/>\n\t<meta name=\"twitter:data1\" content=\"1 minute\" \/>\n<script type=\"application\/ld+json\" class=\"yoast-schema-graph\">{\"@context\":\"https:\/\/schema.org\",\"@graph\":[{\"@type\":\"Organization\",\"@id\":\"https:\/\/avionshipping-dz.com\/update\/#organization\",\"name\":\"avionshipping-dz\",\"url\":\"https:\/\/avionshipping-dz.com\/update\/\",\"sameAs\":[],\"logo\":{\"@type\":\"ImageObject\",\"inLanguage\":\"fr-FR\",\"@id\":\"https:\/\/avionshipping-dz.com\/update\/#\/schema\/logo\/image\/\",\"url\":\"https:\/\/avionshipping-dz.com\/wp-content\/uploads\/2020\/03\/Logo-AIC.png\",\"contentUrl\":\"https:\/\/avionshipping-dz.com\/wp-content\/uploads\/2020\/03\/Logo-AIC.png\",\"width\":672,\"height\":432,\"caption\":\"avionshipping-dz\"},\"image\":{\"@id\":\"https:\/\/avionshipping-dz.com\/update\/#\/schema\/logo\/image\/\"}},{\"@type\":\"WebSite\",\"@id\":\"https:\/\/avionshipping-dz.com\/update\/#website\",\"url\":\"https:\/\/avionshipping-dz.com\/update\/\",\"name\":\"avionshipping-dz\",\"description\":\"\",\"publisher\":{\"@id\":\"https:\/\/avionshipping-dz.com\/update\/#organization\"},\"potentialAction\":[{\"@type\":\"SearchAction\",\"target\":{\"@type\":\"EntryPoint\",\"urlTemplate\":\"https:\/\/avionshipping-dz.com\/update\/?s={search_term_string}\"},\"query-input\":\"required name=search_term_string\"}],\"inLanguage\":\"fr-FR\"},{\"@type\":\"ImageObject\",\"inLanguage\":\"fr-FR\",\"@id\":\"https:\/\/avionshipping-dz.com\/update\/fret-multimodal\/#primaryimage\",\"url\":\"https:\/\/avionshipping-dz.com\/wp-content\/uploads\/2021\/12\/multimodal.jpg\",\"contentUrl\":\"https:\/\/avionshipping-dz.com\/wp-content\/uploads\/2021\/12\/multimodal.jpg\",\"width\":1700,\"height\":328,\"caption\":\"Fret multimodal\"},{\"@type\":\"WebPage\",\"@id\":\"https:\/\/avionshipping-dz.com\/update\/fret-multimodal\/\",\"url\":\"https:\/\/avionshipping-dz.com\/update\/fret-multimodal\/\",\"name\":\"Fret multimodal - avionshipping-dz\",\"isPartOf\":{\"@id\":\"https:\/\/avionshipping-dz.com\/update\/#website\"},\"primaryImageOfPage\":{\"@id\":\"https:\/\/avionshipping-dz.com\/update\/fret-multimodal\/#primaryimage\"},\"datePublished\":\"2021-12-27T14:26:02+00:00\",\"dateModified\":\"2022-01-07T08:48:32+00:00\",\"description\":\"Nous assurons le transport d'une m\u00eame marchandise par diff\u00e9rents moyens de transport (a\u00e9rien, terrestre, maritime\u2026) en utilisant des Unit\u00e9s de Transport Intermodal (UTI)\",\"breadcrumb\":{\"@id\":\"https:\/\/avionshipping-dz.com\/update\/fret-multimodal\/#breadcrumb\"},\"inLanguage\":\"fr-FR\",\"potentialAction\":[{\"@type\":\"ReadAction\",\"target\":[\"https:\/\/avionshipping-dz.com\/update\/fret-multimodal\/\"]}]},{\"@type\":\"BreadcrumbList\",\"@id\":\"https:\/\/avionshipping-dz.com\/update\/fret-multimodal\/#breadcrumb\",\"itemListElement\":[{\"@type\":\"ListItem\",\"position\":1,\"name\":\"Accueil\",\"item\":\"https:\/\/avionshipping-dz.com\/update\/\"},{\"@type\":\"ListItem\",\"position\":2,\"name\":\"Fret multimodal\"}]}]}<\/script>\n<!-- \/ Yoast SEO plugin. -->","yoast_head_json":{"title":"Fret multimodal - avionshipping-dz","description":"Nous assurons le transport d'une m\u00eame marchandise par diff\u00e9rents moyens de transport (a\u00e9rien, terrestre, maritime\u2026) en utilisant des Unit\u00e9s de Transport Intermodal (UTI)","robots":{"index":"index","follow":"follow","max-snippet":"max-snippet:-1","max-image-preview":"max-image-preview:large","max-video-preview":"max-video-preview:-1"},"canonical":"https:\/\/avionshipping-dz.com\/update\/fret-multimodal\/","og_locale":"fr_FR","og_type":"article","og_title":"Fret multimodal - avionshipping-dz","og_description":"Nous assurons le transport d'une m\u00eame marchandise par diff\u00e9rents moyens de transport (a\u00e9rien, terrestre, maritime\u2026) en utilisant des Unit\u00e9s de Transport Intermodal (UTI)","og_url":"https:\/\/avionshipping-dz.com\/update\/fret-multimodal\/","og_site_name":"avionshipping-dz","article_modified_time":"2022-01-07T08:48:32+00:00","og_image":[{"width":1700,"height":328,"url":"https:\/\/avionshipping-dz.com\/wp-content\/uploads\/2021\/12\/multimodal.jpg","type":"image\/jpeg"}],"twitter_card":"summary_large_image","twitter_misc":{"Dur\u00e9e de lecture estim\u00e9e":"1 minute"},"schema":{"@context":"https:\/\/schema.org","@graph":[{"@type":"Organization","@id":"https:\/\/avionshipping-dz.com\/update\/#organization","name":"avionshipping-dz","url":"https:\/\/avionshipping-dz.com\/update\/","sameAs":[],"logo":{"@type":"ImageObject","inLanguage":"fr-FR","@id":"https:\/\/avionshipping-dz.com\/update\/#\/schema\/logo\/image\/","url":"https:\/\/avionshipping-dz.com\/wp-content\/uploads\/2020\/03\/Logo-AIC.png","contentUrl":"https:\/\/avionshipping-dz.com\/wp-content\/uploads\/2020\/03\/Logo-AIC.png","width":672,"height":432,"caption":"avionshipping-dz"},"image":{"@id":"https:\/\/avionshipping-dz.com\/update\/#\/schema\/logo\/image\/"}},{"@type":"WebSite","@id":"https:\/\/avionshipping-dz.com\/update\/#website","url":"https:\/\/avionshipping-dz.com\/update\/","name":"avionshipping-dz","description":"","publisher":{"@id":"https:\/\/avionshipping-dz.com\/update\/#organization"},"potentialAction":[{"@type":"SearchAction","target":{"@type":"EntryPoint","urlTemplate":"https:\/\/avionshipping-dz.com\/update\/?s={search_term_string}"},"query-input":"required name=search_term_string"}],"inLanguage":"fr-FR"},{"@type":"ImageObject","inLanguage":"fr-FR","@id":"https:\/\/avionshipping-dz.com\/update\/fret-multimodal\/#primaryimage","url":"https:\/\/avionshipping-dz.com\/wp-content\/uploads\/2021\/12\/multimodal.jpg","contentUrl":"https:\/\/avionshipping-dz.com\/wp-content\/uploads\/2021\/12\/multimodal.jpg","width":1700,"height":328,"caption":"Fret multimodal"},{"@type":"WebPage","@id":"https:\/\/avionshipping-dz.com\/update\/fret-multimodal\/","url":"https:\/\/avionshipping-dz.com\/update\/fret-multimodal\/","name":"Fret multimodal - avionshipping-dz","isPartOf":{"@id":"https:\/\/avionshipping-dz.com\/update\/#website"},"primaryImageOfPage":{"@id":"https:\/\/avionshipping-dz.com\/update\/fret-multimodal\/#primaryimage"},"datePublished":"2021-12-27T14:26:02+00:00","dateModified":"2022-01-07T08:48:32+00:00","description":"Nous assurons le transport d'une m\u00eame marchandise par diff\u00e9rents moyens de transport (a\u00e9rien, terrestre, maritime\u2026) en utilisant des Unit\u00e9s de Transport Intermodal (UTI)","breadcrumb":{"@id":"https:\/\/avionshipping-dz.com\/update\/fret-multimodal\/#breadcrumb"},"inLanguage":"fr-FR","potentialAction":[{"@type":"ReadAction","target":["https:\/\/avionshipping-dz.com\/update\/fret-multimodal\/"]}]},{"@type":"BreadcrumbList","@id":"https:\/\/avionshipping-dz.com\/update\/fret-multimodal\/#breadcrumb","itemListElement":[{"@type":"ListItem","position":1,"name":"Accueil","item":"https:\/\/avionshipping-dz.com\/update\/"},{"@type":"ListItem","position":2,"name":"Fret multimodal"}]}]}},"_links":{"self":[{"href":"https:\/\/avionshipping-dz.com\/update\/wp-json\/wp\/v2\/pages\/2818","targetHints":{"allow":["GET"]}}],"collection":[{"href":"https:\/\/avionshipping-dz.com\/update\/wp-json\/wp\/v2\/pages"}],"about":[{"href":"https:\/\/avionshipping-dz.com\/update\/wp-json\/wp\/v2\/types\/page"}],"author":[{"embeddable":true,"href":"https:\/\/avionshipping-dz.com\/update\/wp-json\/wp\/v2\/users\/1"}],"replies":[{"embeddable":true,"href":"https:\/\/avionshipping-dz.com\/update\/wp-json\/wp\/v2\/comments?post=2818"}],"version-history":[{"count":8,"href":"https:\/\/avionshipping-dz.com\/update\/wp-json\/wp\/v2\/pages\/2818\/revisions"}],"predecessor-version":[{"id":3071,"href":"https:\/\/avionshipping-dz.com\/update\/wp-json\/wp\/v2\/pages\/2818\/revisions\/3071"}],"wp:featuredmedia":[{"embeddable":true,"href":"https:\/\/avionshipping-dz.com\/update\/wp-json\/wp\/v2\/media\/2822"}],"wp:attachment":[{"href":"https:\/\/avionshipping-dz.com\/update\/wp-json\/wp\/v2\/media?parent=2818"}],"curies":[{"name":"wp","href":"https:\/\/api.w.org\/{rel}","templated":true}]}}