{"id":2826,"date":"2021-12-27T16:24:01","date_gmt":"2021-12-27T15:24:01","guid":{"rendered":"http:\/\/localhost\/shipping\/?page_id=2826"},"modified":"2022-07-05T15:33:40","modified_gmt":"2022-07-05T14:33:40","slug":"fret-routier","status":"publish","type":"page","link":"https:\/\/avionshipping-dz.com\/update\/fret-routier\/","title":{"rendered":"Fret Routier"},"content":{"rendered":"<h3>\n        Fret Routier<br \/>\n        <i><\/i><br \/>\n    <\/h3>\n<h3>C\u2019est quoi ?<\/h3>\n<p>Le transport de cargaison par la route est un classique dans le domaine des marchandises et reste un choix polyvalent et adapt\u00e9 \u00e0 de nombreux besoins. AIC\u00a0 propose tous types de transport par route au niveau international.<\/p>\n<h3><strong>Tarifs<\/strong><\/h3>\n<p>Nous proposons un service souple de transport routier international de cargaison, avec des garanties de s\u00e9curit\u00e9 et de ponctualit\u00e9.<\/p>\n<h6><strong>Garanties<\/strong><\/h6>\n<p>Nous garantissons \u00e0 nos clients un contrat adapt\u00e9 aux besoins de leur cargaison quel que soit son type, son volume ou sa destination.<\/p>\n<p><strong>Frets Routiers assur\u00e9s\u00a0<\/strong><\/p>\n<p>\t            \t\tTransport routier cargaison de vrac pour le transport  en grandes quantit\u00e9s, sans conditionnement ni emballage, dans laquelle le moyen de transport constitue le r\u00e9cipient.<br \/>\n\t            \t\tTransport routier cargaison lourde pour les envois de  cargaison d\u2019un poids tr\u00e8s \u00e9lev\u00e9, des \u00e9quipements tels les grues ou les plateformes \u00e9l\u00e9vatrices peuvent \u00eatre n\u00e9cessaires.<br \/>\n\t            \t\tTransport routier cargaison s\u00e8che ou cargaison g\u00e9n\u00e9rale dans le transport routier d\u00e9signe les marchandises qui ne requi\u00e8rent aucun \u00e9quipement ni aucune condition sp\u00e9ciale de transport.<br \/>\n\t            \t\tTransport routier de marchandises dangereuses \u00e9galement connu comme le transport ADR (Agreement on Dangerous Goods) implique une manipulation particuli\u00e8rement sensible et soumise \u00e0 une s\u00e9rie de sp\u00e9cifications et d\u2019obligations l\u00e9gales.<br \/>\n    <a href=\"https:\/\/avionshipping-dz.com\/update\/prospect\"><br \/>\n                N\u2019HESITEZ PLUS ET DEMANDEZ UN DEVIS GRATUIT<br \/>\n    <\/a><br \/>\n\t\t\tFAQ<\/p>\n<h5>\n            <\/h5>\n<p>                    <a>Quelle est la r\u00e8glementation du transport routier ?<\/a><br \/>\n                Le transport routier de marchandises est r\u00e9gi par un r\u00e9glementation propre \u00e0 chaque pays. Ces r\u00e8glements r\u00e9gissent aussi bien les entreprises de transport que celles ayant un lien avec leur activit\u00e9, d\u2019o\u00f9 l\u2019importance de les conna\u00eetre.<br \/>\n                    <a>Votre entreprise est plut\u00f4t r\u00e9cente, quant est il de votre exp\u00e9rience et expertise dans ce domaine ? <\/a><br \/>\n                Nous avons la chance d\u2019\u00eatre entour\u00e9 d\u2019une \u00e9quipe valeureuse et pluridisciplinaire. Nous sommes constitu\u00e9s de jeunes cadre et d\u2019experts dans le domaine qui cumulent plus de 20 ans d\u2019exp\u00e9rience dans ce type d\u2019op\u00e9rations. Soyez rassur\u00e9 et faites nous confiances.<\/p>\n","protected":false},"excerpt":{"rendered":"<p>Fret Routier C\u2019est quoi ? Le transport de cargaison par la route est un classique dans le domaine des marchandises et reste un choix polyvalent et adapt\u00e9 \u00e0 de nombreux besoins. AIC\u00a0 propose tous types de transport par route au niveau international. Tarifs Nous proposons un service souple de transport routier international de cargaison, avec [&hellip;]<\/p>\n","protected":false},"author":1,"featured_media":2829,"parent":0,"menu_order":0,"comment_status":"closed","ping_status":"closed","template":"","meta":{"footnotes":""},"class_list":["post-2826","page","type-page","status-publish","has-post-thumbnail","hentry"],"yoast_head":"<!-- This site is optimized with the Yoast SEO plugin v19.3 - https:\/\/yoast.com\/wordpress\/plugins\/seo\/ -->\n<title>Fret Routier - avionshipping-dz<\/title>\n<meta name=\"description\" content=\"Le transport de cargaison par la route est un choix polyvalent. AIC propose tous types de transport par route au niveau international.\" \/>\n<meta name=\"robots\" content=\"index, follow, max-snippet:-1, max-image-preview:large, max-video-preview:-1\" \/>\n<link rel=\"canonical\" href=\"https:\/\/avionshipping-dz.com\/update\/fret-routier\/\" \/>\n<meta property=\"og:locale\" content=\"fr_FR\" \/>\n<meta property=\"og:type\" content=\"article\" \/>\n<meta property=\"og:title\" content=\"Fret Routier - avionshipping-dz\" \/>\n<meta property=\"og:description\" content=\"Le transport de cargaison par la route est un choix polyvalent. AIC propose tous types de transport par route au niveau international.\" \/>\n<meta property=\"og:url\" content=\"https:\/\/avionshipping-dz.com\/update\/fret-routier\/\" \/>\n<meta property=\"og:site_name\" content=\"avionshipping-dz\" \/>\n<meta property=\"article:modified_time\" content=\"2022-07-05T14:33:40+00:00\" \/>\n<meta property=\"og:image\" content=\"https:\/\/avionshipping-dz.com\/wp-content\/uploads\/2021\/12\/routier.jpg\" \/>\n\t<meta property=\"og:image:width\" content=\"1700\" \/>\n\t<meta property=\"og:image:height\" content=\"328\" \/>\n\t<meta property=\"og:image:type\" content=\"image\/jpeg\" \/>\n<meta name=\"twitter:card\" content=\"summary_large_image\" \/>\n<meta name=\"twitter:label1\" content=\"Dur\u00e9e de lecture estim\u00e9e\" \/>\n\t<meta name=\"twitter:data1\" content=\"2 minutes\" \/>\n<script type=\"application\/ld+json\" class=\"yoast-schema-graph\">{\"@context\":\"https:\/\/schema.org\",\"@graph\":[{\"@type\":\"Organization\",\"@id\":\"https:\/\/avionshipping-dz.com\/update\/#organization\",\"name\":\"avionshipping-dz\",\"url\":\"https:\/\/avionshipping-dz.com\/update\/\",\"sameAs\":[],\"logo\":{\"@type\":\"ImageObject\",\"inLanguage\":\"fr-FR\",\"@id\":\"https:\/\/avionshipping-dz.com\/update\/#\/schema\/logo\/image\/\",\"url\":\"https:\/\/avionshipping-dz.com\/wp-content\/uploads\/2020\/03\/Logo-AIC.png\",\"contentUrl\":\"https:\/\/avionshipping-dz.com\/wp-content\/uploads\/2020\/03\/Logo-AIC.png\",\"width\":672,\"height\":432,\"caption\":\"avionshipping-dz\"},\"image\":{\"@id\":\"https:\/\/avionshipping-dz.com\/update\/#\/schema\/logo\/image\/\"}},{\"@type\":\"WebSite\",\"@id\":\"https:\/\/avionshipping-dz.com\/update\/#website\",\"url\":\"https:\/\/avionshipping-dz.com\/update\/\",\"name\":\"avionshipping-dz\",\"description\":\"\",\"publisher\":{\"@id\":\"https:\/\/avionshipping-dz.com\/update\/#organization\"},\"potentialAction\":[{\"@type\":\"SearchAction\",\"target\":{\"@type\":\"EntryPoint\",\"urlTemplate\":\"https:\/\/avionshipping-dz.com\/update\/?s={search_term_string}\"},\"query-input\":\"required name=search_term_string\"}],\"inLanguage\":\"fr-FR\"},{\"@type\":\"ImageObject\",\"inLanguage\":\"fr-FR\",\"@id\":\"https:\/\/avionshipping-dz.com\/update\/fret-routier\/#primaryimage\",\"url\":\"https:\/\/avionshipping-dz.com\/wp-content\/uploads\/2021\/12\/routier.jpg\",\"contentUrl\":\"https:\/\/avionshipping-dz.com\/wp-content\/uploads\/2021\/12\/routier.jpg\",\"width\":1700,\"height\":328,\"caption\":\"Fret Routier\"},{\"@type\":\"WebPage\",\"@id\":\"https:\/\/avionshipping-dz.com\/update\/fret-routier\/\",\"url\":\"https:\/\/avionshipping-dz.com\/update\/fret-routier\/\",\"name\":\"Fret Routier - avionshipping-dz\",\"isPartOf\":{\"@id\":\"https:\/\/avionshipping-dz.com\/update\/#website\"},\"primaryImageOfPage\":{\"@id\":\"https:\/\/avionshipping-dz.com\/update\/fret-routier\/#primaryimage\"},\"datePublished\":\"2021-12-27T15:24:01+00:00\",\"dateModified\":\"2022-07-05T14:33:40+00:00\",\"description\":\"Le transport de cargaison par la route est un choix polyvalent. AIC propose tous types de transport par route au niveau international.\",\"breadcrumb\":{\"@id\":\"https:\/\/avionshipping-dz.com\/update\/fret-routier\/#breadcrumb\"},\"inLanguage\":\"fr-FR\",\"potentialAction\":[{\"@type\":\"ReadAction\",\"target\":[\"https:\/\/avionshipping-dz.com\/update\/fret-routier\/\"]}]},{\"@type\":\"BreadcrumbList\",\"@id\":\"https:\/\/avionshipping-dz.com\/update\/fret-routier\/#breadcrumb\",\"itemListElement\":[{\"@type\":\"ListItem\",\"position\":1,\"name\":\"Accueil\",\"item\":\"https:\/\/avionshipping-dz.com\/update\/\"},{\"@type\":\"ListItem\",\"position\":2,\"name\":\"Fret Routier\"}]}]}<\/script>\n<!-- \/ Yoast SEO plugin. -->","yoast_head_json":{"title":"Fret Routier - avionshipping-dz","description":"Le transport de cargaison par la route est un choix polyvalent. AIC propose tous types de transport par route au niveau international.","robots":{"index":"index","follow":"follow","max-snippet":"max-snippet:-1","max-image-preview":"max-image-preview:large","max-video-preview":"max-video-preview:-1"},"canonical":"https:\/\/avionshipping-dz.com\/update\/fret-routier\/","og_locale":"fr_FR","og_type":"article","og_title":"Fret Routier - avionshipping-dz","og_description":"Le transport de cargaison par la route est un choix polyvalent. AIC propose tous types de transport par route au niveau international.","og_url":"https:\/\/avionshipping-dz.com\/update\/fret-routier\/","og_site_name":"avionshipping-dz","article_modified_time":"2022-07-05T14:33:40+00:00","og_image":[{"width":1700,"height":328,"url":"https:\/\/avionshipping-dz.com\/wp-content\/uploads\/2021\/12\/routier.jpg","type":"image\/jpeg"}],"twitter_card":"summary_large_image","twitter_misc":{"Dur\u00e9e de lecture estim\u00e9e":"2 minutes"},"schema":{"@context":"https:\/\/schema.org","@graph":[{"@type":"Organization","@id":"https:\/\/avionshipping-dz.com\/update\/#organization","name":"avionshipping-dz","url":"https:\/\/avionshipping-dz.com\/update\/","sameAs":[],"logo":{"@type":"ImageObject","inLanguage":"fr-FR","@id":"https:\/\/avionshipping-dz.com\/update\/#\/schema\/logo\/image\/","url":"https:\/\/avionshipping-dz.com\/wp-content\/uploads\/2020\/03\/Logo-AIC.png","contentUrl":"https:\/\/avionshipping-dz.com\/wp-content\/uploads\/2020\/03\/Logo-AIC.png","width":672,"height":432,"caption":"avionshipping-dz"},"image":{"@id":"https:\/\/avionshipping-dz.com\/update\/#\/schema\/logo\/image\/"}},{"@type":"WebSite","@id":"https:\/\/avionshipping-dz.com\/update\/#website","url":"https:\/\/avionshipping-dz.com\/update\/","name":"avionshipping-dz","description":"","publisher":{"@id":"https:\/\/avionshipping-dz.com\/update\/#organization"},"potentialAction":[{"@type":"SearchAction","target":{"@type":"EntryPoint","urlTemplate":"https:\/\/avionshipping-dz.com\/update\/?s={search_term_string}"},"query-input":"required name=search_term_string"}],"inLanguage":"fr-FR"},{"@type":"ImageObject","inLanguage":"fr-FR","@id":"https:\/\/avionshipping-dz.com\/update\/fret-routier\/#primaryimage","url":"https:\/\/avionshipping-dz.com\/wp-content\/uploads\/2021\/12\/routier.jpg","contentUrl":"https:\/\/avionshipping-dz.com\/wp-content\/uploads\/2021\/12\/routier.jpg","width":1700,"height":328,"caption":"Fret Routier"},{"@type":"WebPage","@id":"https:\/\/avionshipping-dz.com\/update\/fret-routier\/","url":"https:\/\/avionshipping-dz.com\/update\/fret-routier\/","name":"Fret Routier - avionshipping-dz","isPartOf":{"@id":"https:\/\/avionshipping-dz.com\/update\/#website"},"primaryImageOfPage":{"@id":"https:\/\/avionshipping-dz.com\/update\/fret-routier\/#primaryimage"},"datePublished":"2021-12-27T15:24:01+00:00","dateModified":"2022-07-05T14:33:40+00:00","description":"Le transport de cargaison par la route est un choix polyvalent. AIC propose tous types de transport par route au niveau international.","breadcrumb":{"@id":"https:\/\/avionshipping-dz.com\/update\/fret-routier\/#breadcrumb"},"inLanguage":"fr-FR","potentialAction":[{"@type":"ReadAction","target":["https:\/\/avionshipping-dz.com\/update\/fret-routier\/"]}]},{"@type":"BreadcrumbList","@id":"https:\/\/avionshipping-dz.com\/update\/fret-routier\/#breadcrumb","itemListElement":[{"@type":"ListItem","position":1,"name":"Accueil","item":"https:\/\/avionshipping-dz.com\/update\/"},{"@type":"ListItem","position":2,"name":"Fret Routier"}]}]}},"_links":{"self":[{"href":"https:\/\/avionshipping-dz.com\/update\/wp-json\/wp\/v2\/pages\/2826","targetHints":{"allow":["GET"]}}],"collection":[{"href":"https:\/\/avionshipping-dz.com\/update\/wp-json\/wp\/v2\/pages"}],"about":[{"href":"https:\/\/avionshipping-dz.com\/update\/wp-json\/wp\/v2\/types\/page"}],"author":[{"embeddable":true,"href":"https:\/\/avionshipping-dz.com\/update\/wp-json\/wp\/v2\/users\/1"}],"replies":[{"embeddable":true,"href":"https:\/\/avionshipping-dz.com\/update\/wp-json\/wp\/v2\/comments?post=2826"}],"version-history":[{"count":11,"href":"https:\/\/avionshipping-dz.com\/update\/wp-json\/wp\/v2\/pages\/2826\/revisions"}],"predecessor-version":[{"id":3250,"href":"https:\/\/avionshipping-dz.com\/update\/wp-json\/wp\/v2\/pages\/2826\/revisions\/3250"}],"wp:featuredmedia":[{"embeddable":true,"href":"https:\/\/avionshipping-dz.com\/update\/wp-json\/wp\/v2\/media\/2829"}],"wp:attachment":[{"href":"https:\/\/avionshipping-dz.com\/update\/wp-json\/wp\/v2\/media?parent=2826"}],"curies":[{"name":"wp","href":"https:\/\/api.w.org\/{rel}","templated":true}]}}