{"id":2842,"date":"2021-12-28T11:16:21","date_gmt":"2021-12-28T10:16:21","guid":{"rendered":"http:\/\/localhost\/shipping\/?page_id=2842"},"modified":"2021-12-28T11:25:12","modified_gmt":"2021-12-28T10:25:12","slug":"liens-utiles","status":"publish","type":"page","link":"https:\/\/avionshipping-dz.com\/update\/liens-utiles\/","title":{"rendered":"Liens utiles"},"content":{"rendered":"<h3>\n        Liens utiles pour vous<br \/>\n        <i><\/i><br \/>\n    <\/h3>\n<ul>\n<li><a href=\"https:\/\/www.abef-dz.org\/ \">Association des Banques et Etablissements Financiers<\/a><\/li>\n<li><a href=\"https:\/\/www.jibayatic.dz\/ \">Jibayatic<\/a><\/li>\n<li><a href=\"https:\/\/casnos.com.dz\/ \">Caisse nationale de s\u00e9curit\u00e9 sociale des non-salari\u00e9s<\/a><\/li>\n<li><a href=\"https:\/\/sidjilcom.cnrc.dz\/ \">Centre National du Registre du Commerce<\/a><\/li>\n<li><a href=\"http:\/\/www.exal.dz\/ \">Expertise Alg\u00e9rie<\/a><\/li>\n<li><a href=\"http:\/\/www.sae-exact.dz\/ \">Soci\u00e9t\u00e9 Alg\u00e9rienne d&#8217;Expertise et du Contr\u00f4le Technique Automobile<\/a><\/li>\n<li><a href=\"http:\/\/www.algex.dz\/\">Agence Nationale de Promotion du Commerce Ext\u00e9rieur<\/a><\/li>\n<li><a href=\"http:\/\/www.cnas.dz\/ \">Caisse Nationale des Assurances Sociales des Travailleurs Salari\u00e9s<\/a><\/li>\n<li><a href=\"https:\/\/www.cnac.dz\/ \"> Caisse nationale d&#8217;assurance-ch\u00f4mage<\/a><\/li>\n<li><a href=\"https:\/\/www.amana.dz\/\">AMANA Assurance pr\u00e9voyance &amp; sant\u00e9<\/a><\/li>\n<li><a href=\"http:\/\/www.saa.dz\/\">Soci\u00e9t\u00e9 Nationale d&#8217;Assurance<\/a><\/li>\n<\/ul>\n<ul>\n<li><a href=\"http:\/\/www.caci.dz\/\">Chambre Alg\u00e9rienne de Commerce et d&#8217;Industrie <\/a><\/li>\n<li><a href=\"http:\/\/www.cgci.dz\/ \">Caisse de Garantie des Cr\u00e9dits d&#8217;Investissement<\/a><\/li>\n<li><a href=\"http:\/\/www.snl.dz\/\">Leasing Alg\u00e9rie<\/a><\/li>\n<li><a href=\"http:\/\/www.douane.gov.dz\/\">Douanes Alg\u00e9riennes<\/a><\/li>\n<li><a href=\"http:\/\/www.fce.dz\/\">Forum des Chefs d\u2019entreprise<\/a><\/li>\n<li><a href=\"http:\/\/www.aniref.dz\/\">Agence Nationale d&#8217;Intermediation et de R\u00e9gulation Fonci\u00e8re<\/a><\/li>\n<li><a href=\"http:\/\/cnr-dz.com\/ \">Caisse Nationale des retraites<\/a><\/li>\n<li><a href=\"http:\/\/www.bank-of-algeria.dz\/ \">La Banque d&#8217;Alg\u00e9rie<\/a><\/li>\n<li><a href=\"http:\/\/www.bea.dz\/ \">La Banque Ext\u00e9rieur d&#8217;Alg\u00e9rie<\/a><\/li>\n<li><a href=\"http:\/\/www.bna.dz\/ \">La Banque Nationale d&#8217;Alg\u00e9rie<\/a><\/li>\n<li><a href=\"http:\/\/www.bdl.dz\/ \">La Banque de D\u00e9veloppement Local<\/a><\/li>\n<li><a href=\"https:\/\/www.cnepbanque.dz\/\">La Caisse nationale d&#8217;\u00e9pargne et de Pr\u00e9voyance<\/a><\/li>\n<li><a href=\"http:\/\/www.badr.dz\/ \">Banque de l&#8217;Agriculture et du D\u00e9veloppement Rural<\/a><\/li>\n<\/ul>\n","protected":false},"excerpt":{"rendered":"<p>Liens utiles pour vous Association des Banques et Etablissements Financiers Jibayatic Caisse nationale de s\u00e9curit\u00e9 sociale des non-salari\u00e9s Centre National du Registre du Commerce Expertise Alg\u00e9rie Soci\u00e9t\u00e9 Alg\u00e9rienne d&#8217;Expertise et du Contr\u00f4le Technique Automobile Agence Nationale de Promotion du Commerce Ext\u00e9rieur Caisse Nationale des Assurances Sociales des Travailleurs Salari\u00e9s Caisse nationale d&#8217;assurance-ch\u00f4mage AMANA Assurance pr\u00e9voyance [&hellip;]<\/p>\n","protected":false},"author":1,"featured_media":2770,"parent":0,"menu_order":0,"comment_status":"closed","ping_status":"closed","template":"","meta":{"footnotes":""},"class_list":["post-2842","page","type-page","status-publish","has-post-thumbnail","hentry"],"yoast_head":"<!-- This site is optimized with the Yoast SEO plugin v19.3 - https:\/\/yoast.com\/wordpress\/plugins\/seo\/ -->\n<title>Liens utiles - avionshipping-dz<\/title>\n<meta name=\"description\" content=\"Sur cette page, vous trouverez le liens des diff\u00e9rentes institutions qui peuvent vous aider \u00e0 accomplir \u00e0 bien votre business\" \/>\n<meta name=\"robots\" content=\"index, follow, max-snippet:-1, max-image-preview:large, max-video-preview:-1\" \/>\n<link rel=\"canonical\" href=\"https:\/\/avionshipping-dz.com\/update\/liens-utiles\/\" \/>\n<meta property=\"og:locale\" content=\"fr_FR\" \/>\n<meta property=\"og:type\" content=\"article\" \/>\n<meta property=\"og:title\" content=\"Liens utiles - avionshipping-dz\" \/>\n<meta property=\"og:description\" content=\"Sur cette page, vous trouverez le liens des diff\u00e9rentes institutions qui peuvent vous aider \u00e0 accomplir \u00e0 bien votre business\" \/>\n<meta property=\"og:url\" content=\"https:\/\/avionshipping-dz.com\/update\/liens-utiles\/\" \/>\n<meta property=\"og:site_name\" content=\"avionshipping-dz\" \/>\n<meta property=\"article:modified_time\" content=\"2021-12-28T10:25:12+00:00\" \/>\n<meta property=\"og:image\" content=\"https:\/\/avionshipping-dz.com\/wp-content\/uploads\/2021\/12\/banner.jpg\" \/>\n\t<meta property=\"og:image:width\" content=\"1700\" \/>\n\t<meta property=\"og:image:height\" content=\"30\" \/>\n\t<meta property=\"og:image:type\" content=\"image\/jpeg\" \/>\n<meta name=\"twitter:card\" content=\"summary_large_image\" \/>\n<meta name=\"twitter:label1\" content=\"Dur\u00e9e de lecture estim\u00e9e\" \/>\n\t<meta name=\"twitter:data1\" content=\"1 minute\" \/>\n<script type=\"application\/ld+json\" class=\"yoast-schema-graph\">{\"@context\":\"https:\/\/schema.org\",\"@graph\":[{\"@type\":\"Organization\",\"@id\":\"https:\/\/avionshipping-dz.com\/update\/#organization\",\"name\":\"avionshipping-dz\",\"url\":\"https:\/\/avionshipping-dz.com\/update\/\",\"sameAs\":[],\"logo\":{\"@type\":\"ImageObject\",\"inLanguage\":\"fr-FR\",\"@id\":\"https:\/\/avionshipping-dz.com\/update\/#\/schema\/logo\/image\/\",\"url\":\"https:\/\/avionshipping-dz.com\/wp-content\/uploads\/2020\/03\/Logo-AIC.png\",\"contentUrl\":\"https:\/\/avionshipping-dz.com\/wp-content\/uploads\/2020\/03\/Logo-AIC.png\",\"width\":672,\"height\":432,\"caption\":\"avionshipping-dz\"},\"image\":{\"@id\":\"https:\/\/avionshipping-dz.com\/update\/#\/schema\/logo\/image\/\"}},{\"@type\":\"WebSite\",\"@id\":\"https:\/\/avionshipping-dz.com\/update\/#website\",\"url\":\"https:\/\/avionshipping-dz.com\/update\/\",\"name\":\"avionshipping-dz\",\"description\":\"\",\"publisher\":{\"@id\":\"https:\/\/avionshipping-dz.com\/update\/#organization\"},\"potentialAction\":[{\"@type\":\"SearchAction\",\"target\":{\"@type\":\"EntryPoint\",\"urlTemplate\":\"https:\/\/avionshipping-dz.com\/update\/?s={search_term_string}\"},\"query-input\":\"required name=search_term_string\"}],\"inLanguage\":\"fr-FR\"},{\"@type\":\"ImageObject\",\"inLanguage\":\"fr-FR\",\"@id\":\"https:\/\/avionshipping-dz.com\/update\/liens-utiles\/#primaryimage\",\"url\":\"https:\/\/avionshipping-dz.com\/wp-content\/uploads\/2021\/12\/banner.jpg\",\"contentUrl\":\"https:\/\/avionshipping-dz.com\/wp-content\/uploads\/2021\/12\/banner.jpg\",\"width\":1700,\"height\":30},{\"@type\":\"WebPage\",\"@id\":\"https:\/\/avionshipping-dz.com\/update\/liens-utiles\/\",\"url\":\"https:\/\/avionshipping-dz.com\/update\/liens-utiles\/\",\"name\":\"Liens utiles - avionshipping-dz\",\"isPartOf\":{\"@id\":\"https:\/\/avionshipping-dz.com\/update\/#website\"},\"primaryImageOfPage\":{\"@id\":\"https:\/\/avionshipping-dz.com\/update\/liens-utiles\/#primaryimage\"},\"datePublished\":\"2021-12-28T10:16:21+00:00\",\"dateModified\":\"2021-12-28T10:25:12+00:00\",\"description\":\"Sur cette page, vous trouverez le liens des diff\u00e9rentes institutions qui peuvent vous aider \u00e0 accomplir \u00e0 bien votre business\",\"breadcrumb\":{\"@id\":\"https:\/\/avionshipping-dz.com\/update\/liens-utiles\/#breadcrumb\"},\"inLanguage\":\"fr-FR\",\"potentialAction\":[{\"@type\":\"ReadAction\",\"target\":[\"https:\/\/avionshipping-dz.com\/update\/liens-utiles\/\"]}]},{\"@type\":\"BreadcrumbList\",\"@id\":\"https:\/\/avionshipping-dz.com\/update\/liens-utiles\/#breadcrumb\",\"itemListElement\":[{\"@type\":\"ListItem\",\"position\":1,\"name\":\"Accueil\",\"item\":\"https:\/\/avionshipping-dz.com\/update\/\"},{\"@type\":\"ListItem\",\"position\":2,\"name\":\"Liens utiles\"}]}]}<\/script>\n<!-- \/ Yoast SEO plugin. -->","yoast_head_json":{"title":"Liens utiles - avionshipping-dz","description":"Sur cette page, vous trouverez le liens des diff\u00e9rentes institutions qui peuvent vous aider \u00e0 accomplir \u00e0 bien votre business","robots":{"index":"index","follow":"follow","max-snippet":"max-snippet:-1","max-image-preview":"max-image-preview:large","max-video-preview":"max-video-preview:-1"},"canonical":"https:\/\/avionshipping-dz.com\/update\/liens-utiles\/","og_locale":"fr_FR","og_type":"article","og_title":"Liens utiles - avionshipping-dz","og_description":"Sur cette page, vous trouverez le liens des diff\u00e9rentes institutions qui peuvent vous aider \u00e0 accomplir \u00e0 bien votre business","og_url":"https:\/\/avionshipping-dz.com\/update\/liens-utiles\/","og_site_name":"avionshipping-dz","article_modified_time":"2021-12-28T10:25:12+00:00","og_image":[{"width":1700,"height":30,"url":"https:\/\/avionshipping-dz.com\/wp-content\/uploads\/2021\/12\/banner.jpg","type":"image\/jpeg"}],"twitter_card":"summary_large_image","twitter_misc":{"Dur\u00e9e de lecture estim\u00e9e":"1 minute"},"schema":{"@context":"https:\/\/schema.org","@graph":[{"@type":"Organization","@id":"https:\/\/avionshipping-dz.com\/update\/#organization","name":"avionshipping-dz","url":"https:\/\/avionshipping-dz.com\/update\/","sameAs":[],"logo":{"@type":"ImageObject","inLanguage":"fr-FR","@id":"https:\/\/avionshipping-dz.com\/update\/#\/schema\/logo\/image\/","url":"https:\/\/avionshipping-dz.com\/wp-content\/uploads\/2020\/03\/Logo-AIC.png","contentUrl":"https:\/\/avionshipping-dz.com\/wp-content\/uploads\/2020\/03\/Logo-AIC.png","width":672,"height":432,"caption":"avionshipping-dz"},"image":{"@id":"https:\/\/avionshipping-dz.com\/update\/#\/schema\/logo\/image\/"}},{"@type":"WebSite","@id":"https:\/\/avionshipping-dz.com\/update\/#website","url":"https:\/\/avionshipping-dz.com\/update\/","name":"avionshipping-dz","description":"","publisher":{"@id":"https:\/\/avionshipping-dz.com\/update\/#organization"},"potentialAction":[{"@type":"SearchAction","target":{"@type":"EntryPoint","urlTemplate":"https:\/\/avionshipping-dz.com\/update\/?s={search_term_string}"},"query-input":"required name=search_term_string"}],"inLanguage":"fr-FR"},{"@type":"ImageObject","inLanguage":"fr-FR","@id":"https:\/\/avionshipping-dz.com\/update\/liens-utiles\/#primaryimage","url":"https:\/\/avionshipping-dz.com\/wp-content\/uploads\/2021\/12\/banner.jpg","contentUrl":"https:\/\/avionshipping-dz.com\/wp-content\/uploads\/2021\/12\/banner.jpg","width":1700,"height":30},{"@type":"WebPage","@id":"https:\/\/avionshipping-dz.com\/update\/liens-utiles\/","url":"https:\/\/avionshipping-dz.com\/update\/liens-utiles\/","name":"Liens utiles - avionshipping-dz","isPartOf":{"@id":"https:\/\/avionshipping-dz.com\/update\/#website"},"primaryImageOfPage":{"@id":"https:\/\/avionshipping-dz.com\/update\/liens-utiles\/#primaryimage"},"datePublished":"2021-12-28T10:16:21+00:00","dateModified":"2021-12-28T10:25:12+00:00","description":"Sur cette page, vous trouverez le liens des diff\u00e9rentes institutions qui peuvent vous aider \u00e0 accomplir \u00e0 bien votre business","breadcrumb":{"@id":"https:\/\/avionshipping-dz.com\/update\/liens-utiles\/#breadcrumb"},"inLanguage":"fr-FR","potentialAction":[{"@type":"ReadAction","target":["https:\/\/avionshipping-dz.com\/update\/liens-utiles\/"]}]},{"@type":"BreadcrumbList","@id":"https:\/\/avionshipping-dz.com\/update\/liens-utiles\/#breadcrumb","itemListElement":[{"@type":"ListItem","position":1,"name":"Accueil","item":"https:\/\/avionshipping-dz.com\/update\/"},{"@type":"ListItem","position":2,"name":"Liens utiles"}]}]}},"_links":{"self":[{"href":"https:\/\/avionshipping-dz.com\/update\/wp-json\/wp\/v2\/pages\/2842","targetHints":{"allow":["GET"]}}],"collection":[{"href":"https:\/\/avionshipping-dz.com\/update\/wp-json\/wp\/v2\/pages"}],"about":[{"href":"https:\/\/avionshipping-dz.com\/update\/wp-json\/wp\/v2\/types\/page"}],"author":[{"embeddable":true,"href":"https:\/\/avionshipping-dz.com\/update\/wp-json\/wp\/v2\/users\/1"}],"replies":[{"embeddable":true,"href":"https:\/\/avionshipping-dz.com\/update\/wp-json\/wp\/v2\/comments?post=2842"}],"version-history":[{"count":4,"href":"https:\/\/avionshipping-dz.com\/update\/wp-json\/wp\/v2\/pages\/2842\/revisions"}],"predecessor-version":[{"id":2848,"href":"https:\/\/avionshipping-dz.com\/update\/wp-json\/wp\/v2\/pages\/2842\/revisions\/2848"}],"wp:featuredmedia":[{"embeddable":true,"href":"https:\/\/avionshipping-dz.com\/update\/wp-json\/wp\/v2\/media\/2770"}],"wp:attachment":[{"href":"https:\/\/avionshipping-dz.com\/update\/wp-json\/wp\/v2\/media?parent=2842"}],"curies":[{"name":"wp","href":"https:\/\/api.w.org\/{rel}","templated":true}]}}