{"id":2854,"date":"2021-12-28T15:08:38","date_gmt":"2021-12-28T14:08:38","guid":{"rendered":"http:\/\/localhost\/shipping\/?page_id=2854"},"modified":"2022-07-05T15:45:53","modified_gmt":"2022-07-05T14:45:53","slug":"gestion-douanes","status":"publish","type":"page","link":"https:\/\/avionshipping-dz.com\/update\/gestion-douanes\/","title":{"rendered":"Gestion des douanes"},"content":{"rendered":"<h3>\n        Gestion des douanes<br \/>\n        <i><\/i><br \/>\n    <\/h3>\n<h3>C\u2019est quoi ?<\/h3>\n<p>Les formalit\u00e9s administratives ne sont plus une contrainte, AIC rend la gestion des formalit\u00e9s portuaires et douani\u00e8res plus faciles gr\u00e2ce \u00e0 ses agents des douanes.\u00a0<\/p>\n<h3><strong>Tarifs<\/strong><\/h3>\n<p>Nous r\u00e9alisons les formalit\u00e9s et les contr\u00f4les pr\u00e9alables correspondants pour que la cargaison arrive au pays de destination dans les temps afin d\u2019optimiser le co\u00fbt sans p\u00e9nalit\u00e9s ni retenues.<\/p>\n<h3><strong>Comment\u00a0?<\/strong><\/h3>\n<p>Nous connaissons les diff\u00e9rents types de marchandises et la r\u00e8glementation appliqu\u00e9e \u00e0 chaque moyen de transport pour faciliter la souplesse et la transparence du service, en \u00e9vitant toutes sortes de retards pour des raisons l\u00e9gales ou fiscales.<\/p>\n<h3><strong>D\u00e9douanements assur\u00e9s<\/strong><\/h3>\n<p>\t            \t\tD\u00e9douanement maritime lequel doit effectuer une d\u00e9claration en douane habituelle et doit \u00eatre accompagn\u00e9e d\u2019une proc\u00e9dure suppl\u00e9mentaire propre au bureau de douane maritime.<br \/>\n\t            \t\tGestion int\u00e9grale des services douaniers pour de tous types de marchandises, quel que soit le moyen de transport choisi. Ce service inclut le traitement de tous types de documents pour les pr\u00e9senter aux autorit\u00e9s douani\u00e8res, ainsi que la gestion des entrep\u00f4ts sous douane<br \/>\n    <a href=\"https:\/\/avionshipping-dz.com\/update\/prospect\"><br \/>\n                N\u2019HESITEZ PLUS ET DEMANDEZ UN DEVIS GRATUIT<br \/>\n    <\/a><br \/>\n\t\t\tFAQ<\/p>\n<h5>\n            <\/h5>\n<p>                    <a>Combien de types de douanes existe-t-il ?<\/a><br \/>\n                Les principaux types de douanes selon la route et la juridiction sont les suivants :<\/p>\n<ul>\n<li>Douane terrestre : Elles se trouvent aux fronti\u00e8res entre les pays. Elles sont travers\u00e9es par des marchandises en transport lourds, les v\u00e9hicules particuliers ou encore \u00e0 pied, dans les fronti\u00e8res urbaines. Leur fonction est de contr\u00f4ler la coh\u00e9rence entre les documents et la marchandise transport\u00e9e.<\/li>\n<li>Douane a\u00e9rienne : Elles se situent dans les a\u00e9roports internationaux et concentrent le plus grand passage d\u2019individus. Leur fonction est de contr\u00f4ler les documents des passagers et leur \u00e9quipage. Quant aux marchandises d\u2019importation et d\u2019exportation arrivant dans les a\u00e9roports, elles sont contr\u00f4l\u00e9es par les douanes d\u2019entr\u00e9e et ensuite par les douanes de destination.<\/li>\n<li>Douane maritime : C\u2019est le type de douanes par lequel transite la plus grande partie de marchandises qui circulent entre des pays tr\u00e8s \u00e9loign\u00e9s g\u00e9ographiquement. Il s\u2019agit, notamment, de marchandises lourdes ou de grande taille, comme les v\u00e9hicules ou les machines industrielles. Ces douanes maritimes sont charg\u00e9es de contr\u00f4ler les marchandises d\u2019entr\u00e9e et de sortie et les documents y aff\u00e9rent.<\/li>\n<\/ul>\n<p>\nPar ailleurs, selon la fonction qu\u2019elles remplissent \u00e0 tout moment, elles peuvent \u00eatre class\u00e9es en :<\/p>\n<ul>\n<li>Douanes d\u2019entr\u00e9e : Ce sont celles qui re\u00e7oivent les marchandises qui seront d\u00e9clar\u00e9es pour leur consommation nationale.<\/li>\n<li>Douanes de destination : Elles re\u00e7oivent les marchandises ou les produits envoy\u00e9s. C\u2019est l\u00e0 que termine le transit des marchandises et que commence le processus de fiscalisation.<\/li>\n<li>Douanes de passage frontalier : Douanes qui ne re\u00e7oivent pas et n\u2019\u00e9mettent pas, mais qui contr\u00f4lent les marchandises en transit, souvent lorsqu\u2019elles passent du pays d\u2019origine au pays de destination.<\/li>\n<\/ul>\n<p>                    <a>Comment fonctionnent les douanes <\/a><br \/>\n                Les douanes exercent un contr\u00f4le du mouvement des biens entre \u00e9tats en trois \u00e9tapes :<\/p>\n<ul>\n<li>D\u00e9claration en douane : Elle doit \u00eatre pr\u00e9sent\u00e9e aux services douaniers, afin d\u2019identifier les articles \u00e0 transporter et d\u2019informer sur leur destination.<\/li>\n<li>Contr\u00f4le des marchandises par les agents des douanes, afin de v\u00e9rifier la d\u00e9claration.<\/li>\n<li>Contr\u00f4le du respect des normes de politique commerciale et du paiement des droits de douane (droits d\u2019importation et d\u2019exportation).<\/li>\n<\/ul>\n<p>                    <a>\u00c0 quoi servent les douanes internationales ?<\/a><br \/>\n                Les douanes ont un r\u00f4le r\u00e9gulateur et de supervision qui garantit les \u00e9changes commerciaux entre diff\u00e9rents pays de mani\u00e8re l\u00e9gale, afin qu\u2019ils satisfassent \u00e0 toutes les obligations tarifaires et autres exigences d\u2019entr\u00e9e et de sortie.<br \/>\nEn plus de garantir les normes du commerce international, en s\u2019occupant de percevoir les imp\u00f4ts ou les obligations tarifaires, lorsqu\u2019il y a lieu, elles constituent un m\u00e9canisme essentiel pour \u00e9viter le blanchiment d\u2019argent, la fraude fiscale et le trafic de drogue.<br \/>\n                    <a>Qu\u2019est-ce que la gestion des douanes ?<\/a><\/p>\n<ul>\n<li>Lettre de Transport A\u00e9rien (AWB) : C\u2019est le document non n\u00e9gociable propre au transport a\u00e9rien de marchandises. Il accompagne la cargaiR04 : C\u2019est la gestion des formalit\u00e9s n\u00e9cessaires pour satisfaire aux demandes des autorit\u00e9s douani\u00e8res. Il est important de mener une gestion souple pour \u00e9viter les probl\u00e8mes de retard li\u00e9s \u00e0 la bureaucratie. C\u2019est la raison pour laquelle cette gestion est g\u00e9n\u00e9ralement confi\u00e9e aux agents des douanes pour le compte du propri\u00e9taire de la marchandise. son et sert de justificatif de livraison de la marchandise qui voyage \u00e0 bord de l\u2019avion.<\/li>\n<li>Facture commerciale : Document dans lequel sont fix\u00e9es les conditions de la vente de marchandises et les sp\u00e9cifications. Il sert de justificatif de la vente.<\/li>\n<li>Packing list : C\u2019est une liste du contenu d\u2019un colis qui compl\u00e8te les informations de la facture. Elle doit \u00eatre \u00e9mise par l\u2019exp\u00e9diteur.<\/li>\n<li>Autorisation de d\u00e9douanement : Document par lequel un importateur ou exportateur autorise un agent des douanes \u00e0 pr\u00e9senter \u00e0 son nom une ou plusieurs d\u00e9clarations en douane.<\/li>\n<\/ul>\n<p>                    <a>Qu\u2019est-ce que le d\u00e9douanement ?<\/a><br \/>\n                C\u2019est l\u2019ensemble de formalit\u00e9s et de conditions relatives \u00e0 l\u2019entr\u00e9e et \u00e0 la sortie de marchandises d\u2019un territoire national pr\u00e9cis, pour contr\u00f4ler et approuver ce mouvement. L\u2019agent des douanes est charg\u00e9 de s\u2019en occuper, au nom de l\u2019importateur ou de l\u2019exportateur, gr\u00e2ce \u00e0 une d\u00e9claration d\u2019information aupr\u00e8s de l\u2019autorit\u00e9 douani\u00e8re correspondante dans chaque cas.<br \/>\n                    <a>Qu\u2019est-ce que le d\u00e9douanement termin\u00e9 ?<\/a><br \/>\n                Ce concept indique que le processus douanier est termin\u00e9, c\u2019est-\u00e0-dire que les documents administratifs ont \u00e9t\u00e9 remplis et que l\u2019envoi peut se poursuivre.<\/p>\n","protected":false},"excerpt":{"rendered":"<p>Gestion des douanes C\u2019est quoi ? Les formalit\u00e9s administratives ne sont plus une contrainte, AIC rend la gestion des formalit\u00e9s portuaires et douani\u00e8res plus faciles gr\u00e2ce \u00e0 ses agents des douanes.\u00a0 Tarifs Nous r\u00e9alisons les formalit\u00e9s et les contr\u00f4les pr\u00e9alables correspondants pour que la cargaison arrive au pays de destination dans les temps afin d\u2019optimiser [&hellip;]<\/p>\n","protected":false},"author":1,"featured_media":2837,"parent":0,"menu_order":0,"comment_status":"closed","ping_status":"closed","template":"","meta":{"footnotes":""},"class_list":["post-2854","page","type-page","status-publish","has-post-thumbnail","hentry"],"yoast_head":"<!-- This site is optimized with the Yoast SEO plugin v19.3 - https:\/\/yoast.com\/wordpress\/plugins\/seo\/ -->\n<title>Gestion des douanes - avionshipping-dz<\/title>\n<meta name=\"description\" content=\"D\u00e9sormais, les formalit\u00e9s administratives ne sont plus une contrainte, AIC rend la gestion des formalit\u00e9s portuaires et douani\u00e8res plus faciles gr\u00e2ce \u00e0 ses agents des douanes.\" \/>\n<meta name=\"robots\" content=\"index, follow, max-snippet:-1, max-image-preview:large, max-video-preview:-1\" \/>\n<link rel=\"canonical\" href=\"https:\/\/avionshipping-dz.com\/update\/gestion-douanes\/\" \/>\n<meta property=\"og:locale\" content=\"fr_FR\" \/>\n<meta property=\"og:type\" content=\"article\" \/>\n<meta property=\"og:title\" content=\"Gestion des douanes - avionshipping-dz\" \/>\n<meta property=\"og:description\" content=\"D\u00e9sormais, les formalit\u00e9s administratives ne sont plus une contrainte, AIC rend la gestion des formalit\u00e9s portuaires et douani\u00e8res plus faciles gr\u00e2ce \u00e0 ses agents des douanes.\" \/>\n<meta property=\"og:url\" content=\"https:\/\/avionshipping-dz.com\/update\/gestion-douanes\/\" \/>\n<meta property=\"og:site_name\" content=\"avionshipping-dz\" \/>\n<meta property=\"article:modified_time\" content=\"2022-07-05T14:45:53+00:00\" \/>\n<meta property=\"og:image\" content=\"https:\/\/avionshipping-dz.com\/wp-content\/uploads\/2021\/12\/douanes.jpg\" \/>\n\t<meta property=\"og:image:width\" content=\"1700\" \/>\n\t<meta property=\"og:image:height\" content=\"328\" \/>\n\t<meta property=\"og:image:type\" content=\"image\/jpeg\" \/>\n<meta name=\"twitter:card\" content=\"summary_large_image\" \/>\n<meta name=\"twitter:label1\" content=\"Dur\u00e9e de lecture estim\u00e9e\" \/>\n\t<meta name=\"twitter:data1\" content=\"5 minutes\" \/>\n<script type=\"application\/ld+json\" class=\"yoast-schema-graph\">{\"@context\":\"https:\/\/schema.org\",\"@graph\":[{\"@type\":\"Organization\",\"@id\":\"https:\/\/avionshipping-dz.com\/update\/#organization\",\"name\":\"avionshipping-dz\",\"url\":\"https:\/\/avionshipping-dz.com\/update\/\",\"sameAs\":[],\"logo\":{\"@type\":\"ImageObject\",\"inLanguage\":\"fr-FR\",\"@id\":\"https:\/\/avionshipping-dz.com\/update\/#\/schema\/logo\/image\/\",\"url\":\"https:\/\/avionshipping-dz.com\/wp-content\/uploads\/2020\/03\/Logo-AIC.png\",\"contentUrl\":\"https:\/\/avionshipping-dz.com\/wp-content\/uploads\/2020\/03\/Logo-AIC.png\",\"width\":672,\"height\":432,\"caption\":\"avionshipping-dz\"},\"image\":{\"@id\":\"https:\/\/avionshipping-dz.com\/update\/#\/schema\/logo\/image\/\"}},{\"@type\":\"WebSite\",\"@id\":\"https:\/\/avionshipping-dz.com\/update\/#website\",\"url\":\"https:\/\/avionshipping-dz.com\/update\/\",\"name\":\"avionshipping-dz\",\"description\":\"\",\"publisher\":{\"@id\":\"https:\/\/avionshipping-dz.com\/update\/#organization\"},\"potentialAction\":[{\"@type\":\"SearchAction\",\"target\":{\"@type\":\"EntryPoint\",\"urlTemplate\":\"https:\/\/avionshipping-dz.com\/update\/?s={search_term_string}\"},\"query-input\":\"required name=search_term_string\"}],\"inLanguage\":\"fr-FR\"},{\"@type\":\"ImageObject\",\"inLanguage\":\"fr-FR\",\"@id\":\"https:\/\/avionshipping-dz.com\/update\/gestion-douanes\/#primaryimage\",\"url\":\"https:\/\/avionshipping-dz.com\/wp-content\/uploads\/2021\/12\/douanes.jpg\",\"contentUrl\":\"https:\/\/avionshipping-dz.com\/wp-content\/uploads\/2021\/12\/douanes.jpg\",\"width\":1700,\"height\":328,\"caption\":\"Gestion des douanes\"},{\"@type\":\"WebPage\",\"@id\":\"https:\/\/avionshipping-dz.com\/update\/gestion-douanes\/\",\"url\":\"https:\/\/avionshipping-dz.com\/update\/gestion-douanes\/\",\"name\":\"Gestion des douanes - avionshipping-dz\",\"isPartOf\":{\"@id\":\"https:\/\/avionshipping-dz.com\/update\/#website\"},\"primaryImageOfPage\":{\"@id\":\"https:\/\/avionshipping-dz.com\/update\/gestion-douanes\/#primaryimage\"},\"datePublished\":\"2021-12-28T14:08:38+00:00\",\"dateModified\":\"2022-07-05T14:45:53+00:00\",\"description\":\"D\u00e9sormais, les formalit\u00e9s administratives ne sont plus une contrainte, AIC rend la gestion des formalit\u00e9s portuaires et douani\u00e8res plus faciles gr\u00e2ce \u00e0 ses agents des douanes.\",\"breadcrumb\":{\"@id\":\"https:\/\/avionshipping-dz.com\/update\/gestion-douanes\/#breadcrumb\"},\"inLanguage\":\"fr-FR\",\"potentialAction\":[{\"@type\":\"ReadAction\",\"target\":[\"https:\/\/avionshipping-dz.com\/update\/gestion-douanes\/\"]}]},{\"@type\":\"BreadcrumbList\",\"@id\":\"https:\/\/avionshipping-dz.com\/update\/gestion-douanes\/#breadcrumb\",\"itemListElement\":[{\"@type\":\"ListItem\",\"position\":1,\"name\":\"Accueil\",\"item\":\"https:\/\/avionshipping-dz.com\/update\/\"},{\"@type\":\"ListItem\",\"position\":2,\"name\":\"Gestion des douanes\"}]}]}<\/script>\n<!-- \/ Yoast SEO plugin. -->","yoast_head_json":{"title":"Gestion des douanes - avionshipping-dz","description":"D\u00e9sormais, les formalit\u00e9s administratives ne sont plus une contrainte, AIC rend la gestion des formalit\u00e9s portuaires et douani\u00e8res plus faciles gr\u00e2ce \u00e0 ses agents des douanes.","robots":{"index":"index","follow":"follow","max-snippet":"max-snippet:-1","max-image-preview":"max-image-preview:large","max-video-preview":"max-video-preview:-1"},"canonical":"https:\/\/avionshipping-dz.com\/update\/gestion-douanes\/","og_locale":"fr_FR","og_type":"article","og_title":"Gestion des douanes - avionshipping-dz","og_description":"D\u00e9sormais, les formalit\u00e9s administratives ne sont plus une contrainte, AIC rend la gestion des formalit\u00e9s portuaires et douani\u00e8res plus faciles gr\u00e2ce \u00e0 ses agents des douanes.","og_url":"https:\/\/avionshipping-dz.com\/update\/gestion-douanes\/","og_site_name":"avionshipping-dz","article_modified_time":"2022-07-05T14:45:53+00:00","og_image":[{"width":1700,"height":328,"url":"https:\/\/avionshipping-dz.com\/wp-content\/uploads\/2021\/12\/douanes.jpg","type":"image\/jpeg"}],"twitter_card":"summary_large_image","twitter_misc":{"Dur\u00e9e de lecture estim\u00e9e":"5 minutes"},"schema":{"@context":"https:\/\/schema.org","@graph":[{"@type":"Organization","@id":"https:\/\/avionshipping-dz.com\/update\/#organization","name":"avionshipping-dz","url":"https:\/\/avionshipping-dz.com\/update\/","sameAs":[],"logo":{"@type":"ImageObject","inLanguage":"fr-FR","@id":"https:\/\/avionshipping-dz.com\/update\/#\/schema\/logo\/image\/","url":"https:\/\/avionshipping-dz.com\/wp-content\/uploads\/2020\/03\/Logo-AIC.png","contentUrl":"https:\/\/avionshipping-dz.com\/wp-content\/uploads\/2020\/03\/Logo-AIC.png","width":672,"height":432,"caption":"avionshipping-dz"},"image":{"@id":"https:\/\/avionshipping-dz.com\/update\/#\/schema\/logo\/image\/"}},{"@type":"WebSite","@id":"https:\/\/avionshipping-dz.com\/update\/#website","url":"https:\/\/avionshipping-dz.com\/update\/","name":"avionshipping-dz","description":"","publisher":{"@id":"https:\/\/avionshipping-dz.com\/update\/#organization"},"potentialAction":[{"@type":"SearchAction","target":{"@type":"EntryPoint","urlTemplate":"https:\/\/avionshipping-dz.com\/update\/?s={search_term_string}"},"query-input":"required name=search_term_string"}],"inLanguage":"fr-FR"},{"@type":"ImageObject","inLanguage":"fr-FR","@id":"https:\/\/avionshipping-dz.com\/update\/gestion-douanes\/#primaryimage","url":"https:\/\/avionshipping-dz.com\/wp-content\/uploads\/2021\/12\/douanes.jpg","contentUrl":"https:\/\/avionshipping-dz.com\/wp-content\/uploads\/2021\/12\/douanes.jpg","width":1700,"height":328,"caption":"Gestion des douanes"},{"@type":"WebPage","@id":"https:\/\/avionshipping-dz.com\/update\/gestion-douanes\/","url":"https:\/\/avionshipping-dz.com\/update\/gestion-douanes\/","name":"Gestion des douanes - avionshipping-dz","isPartOf":{"@id":"https:\/\/avionshipping-dz.com\/update\/#website"},"primaryImageOfPage":{"@id":"https:\/\/avionshipping-dz.com\/update\/gestion-douanes\/#primaryimage"},"datePublished":"2021-12-28T14:08:38+00:00","dateModified":"2022-07-05T14:45:53+00:00","description":"D\u00e9sormais, les formalit\u00e9s administratives ne sont plus une contrainte, AIC rend la gestion des formalit\u00e9s portuaires et douani\u00e8res plus faciles gr\u00e2ce \u00e0 ses agents des douanes.","breadcrumb":{"@id":"https:\/\/avionshipping-dz.com\/update\/gestion-douanes\/#breadcrumb"},"inLanguage":"fr-FR","potentialAction":[{"@type":"ReadAction","target":["https:\/\/avionshipping-dz.com\/update\/gestion-douanes\/"]}]},{"@type":"BreadcrumbList","@id":"https:\/\/avionshipping-dz.com\/update\/gestion-douanes\/#breadcrumb","itemListElement":[{"@type":"ListItem","position":1,"name":"Accueil","item":"https:\/\/avionshipping-dz.com\/update\/"},{"@type":"ListItem","position":2,"name":"Gestion des douanes"}]}]}},"_links":{"self":[{"href":"https:\/\/avionshipping-dz.com\/update\/wp-json\/wp\/v2\/pages\/2854","targetHints":{"allow":["GET"]}}],"collection":[{"href":"https:\/\/avionshipping-dz.com\/update\/wp-json\/wp\/v2\/pages"}],"about":[{"href":"https:\/\/avionshipping-dz.com\/update\/wp-json\/wp\/v2\/types\/page"}],"author":[{"embeddable":true,"href":"https:\/\/avionshipping-dz.com\/update\/wp-json\/wp\/v2\/users\/1"}],"replies":[{"embeddable":true,"href":"https:\/\/avionshipping-dz.com\/update\/wp-json\/wp\/v2\/comments?post=2854"}],"version-history":[{"count":13,"href":"https:\/\/avionshipping-dz.com\/update\/wp-json\/wp\/v2\/pages\/2854\/revisions"}],"predecessor-version":[{"id":3254,"href":"https:\/\/avionshipping-dz.com\/update\/wp-json\/wp\/v2\/pages\/2854\/revisions\/3254"}],"wp:featuredmedia":[{"embeddable":true,"href":"https:\/\/avionshipping-dz.com\/update\/wp-json\/wp\/v2\/media\/2837"}],"wp:attachment":[{"href":"https:\/\/avionshipping-dz.com\/update\/wp-json\/wp\/v2\/media?parent=2854"}],"curies":[{"name":"wp","href":"https:\/\/api.w.org\/{rel}","templated":true}]}}