{"id":2864,"date":"2021-12-28T15:53:48","date_gmt":"2021-12-28T14:53:48","guid":{"rendered":"http:\/\/localhost\/shipping\/?page_id=2864"},"modified":"2022-07-07T18:35:35","modified_gmt":"2022-07-07T17:35:35","slug":"prospect","status":"publish","type":"page","link":"https:\/\/avionshipping-dz.com\/update\/prospect\/","title":{"rendered":"Prospect"},"content":{"rendered":"<form action=\"\/shipping\/wp-admin\/admin-ajax.php#wpcf7-f974-o3\" method=\"post\" novalidate=\"novalidate\" data-status=\"init\"><input name=\"_wpcf7\" type=\"hidden\" value=\"974\" \/><br \/>\n<input name=\"_wpcf7_version\" type=\"hidden\" value=\"5.5.3\" \/><br \/>\n<input name=\"_wpcf7_locale\" type=\"hidden\" value=\"en_US\" \/><br \/>\n<input name=\"_wpcf7_unit_tag\" type=\"hidden\" value=\"wpcf7-f974-o3\" \/><br \/>\n<input name=\"_wpcf7_container_post\" type=\"hidden\" value=\"0\" \/><br \/>\n<input name=\"_wpcf7_posted_data_hash\" type=\"hidden\" value=\"\" \/><br \/>\n<input name=\"nom\" size=\"40\" type=\"text\" value=\"\" placeholder=\"Nom\" aria-required=\"true\" aria-invalid=\"false\" \/><br \/>\n<input name=\"prenom\" size=\"40\" type=\"text\" value=\"\" placeholder=\"Pr\u00e9nom\" aria-required=\"true\" aria-invalid=\"false\" \/><br \/>\n<input name=\"phone\" type=\"number\" value=\"\" placeholder=\"T\u00e9l\u00e9phone\" aria-required=\"true\" aria-invalid=\"false\" \/><br \/>\n<input name=\"email\" size=\"40\" type=\"email\" value=\"\" placeholder=\"Adresse Mail\" aria-required=\"true\" aria-invalid=\"false\" \/><br \/>\n<input name=\"societe\" size=\"40\" type=\"text\" value=\"\" placeholder=\"Nom de soci\u00e9t\u00e9\" aria-required=\"true\" aria-invalid=\"false\" \/><br \/>\n<select name=\"statut\" aria-required=\"true\" aria-invalid=\"false\"><option value=\"Votre statut\">Votre statut<\/option><option value=\"Propri\u00e9taire\">Propri\u00e9taire<\/option><option value=\"G\u00e9rant\">G\u00e9rant<\/option><option value=\"Collaborateur\">Collaborateur<\/option><\/select><br \/>\n<select name=\"motif\" aria-required=\"true\" aria-invalid=\"false\"><option value=\"Je suis int\u00e9ress\u00e9 par :\">Je suis int\u00e9ress\u00e9 par :<\/option><option value=\"Fret Maritime\">Fret Maritime<\/option><option value=\"Fret multimodal\">Fret multimodal<\/option><option value=\"entreposage\">entreposage<\/option><option value=\"Fret routier\">Fret routier<\/option><option value=\"Fret a\u00e9rien\">Fret a\u00e9rien<\/option><option value=\"Fret conventionnel\">Fret conventionnel<\/option><option value=\"Gestion des douanes\">Gestion des douanes<\/option><\/select><br \/>\n<select name=\"type\" aria-required=\"true\" aria-invalid=\"false\"><option value=\"Type de votre demande\">Type de votre demande<\/option><option value=\"Passer commande\">Passer commande<\/option><option value=\"Demande d'information\">Demande d&#8217;information<\/option><option value=\"R\u00e9clamation\">R\u00e9clamation<\/option><\/select><br \/>\n<textarea cols=\"40\" name=\"message\" rows=\"10\" placeholder=\"Text message...\" aria-required=\"true\" aria-invalid=\"false\"><\/textarea><br \/>\n<button type=\"submit\">Envoyer<\/button><\/form>\n","protected":false},"excerpt":{"rendered":"<p>Votre statutPropri\u00e9taireG\u00e9rantCollaborateur Je suis int\u00e9ress\u00e9 par :Fret MaritimeFret multimodalentreposageFret routierFret a\u00e9rienFret conventionnelGestion des douanes Type de votre demandePasser commandeDemande d&#8217;informationR\u00e9clamation Envoyer<\/p>\n","protected":false},"author":1,"featured_media":2770,"parent":0,"menu_order":0,"comment_status":"closed","ping_status":"closed","template":"","meta":{"footnotes":""},"class_list":["post-2864","page","type-page","status-publish","has-post-thumbnail","hentry"],"yoast_head":"<!-- This site is optimized with the Yoast SEO plugin v19.3 - https:\/\/yoast.com\/wordpress\/plugins\/seo\/ -->\n<title>Prospect - avionshipping-dz<\/title>\n<meta name=\"description\" content=\"Vous pouvez nous contacter du dimanc 0he au jeudi du 8h30 \u00e0 17h00 pour avoir un conseil, nos experts seront ravis de vous assister.\" \/>\n<meta name=\"robots\" content=\"index, follow, max-snippet:-1, max-image-preview:large, max-video-preview:-1\" \/>\n<link rel=\"canonical\" href=\"https:\/\/avionshipping-dz.com\/update\/prospect\/\" \/>\n<meta property=\"og:locale\" content=\"fr_FR\" \/>\n<meta property=\"og:type\" content=\"article\" \/>\n<meta property=\"og:title\" content=\"Prospect - avionshipping-dz\" \/>\n<meta property=\"og:description\" content=\"Vous pouvez nous contacter du dimanc 0he au jeudi du 8h30 \u00e0 17h00 pour avoir un conseil, nos experts seront ravis de vous assister.\" \/>\n<meta property=\"og:url\" content=\"https:\/\/avionshipping-dz.com\/update\/prospect\/\" \/>\n<meta property=\"og:site_name\" content=\"avionshipping-dz\" \/>\n<meta property=\"article:modified_time\" content=\"2022-07-07T17:35:35+00:00\" \/>\n<meta property=\"og:image\" content=\"https:\/\/avionshipping-dz.com\/wp-content\/uploads\/2021\/12\/banner.jpg\" \/>\n\t<meta property=\"og:image:width\" content=\"1700\" \/>\n\t<meta property=\"og:image:height\" content=\"30\" \/>\n\t<meta property=\"og:image:type\" content=\"image\/jpeg\" \/>\n<meta name=\"twitter:card\" content=\"summary_large_image\" \/>\n<meta name=\"twitter:label1\" content=\"Dur\u00e9e de lecture estim\u00e9e\" \/>\n\t<meta name=\"twitter:data1\" content=\"1 minute\" \/>\n<script type=\"application\/ld+json\" class=\"yoast-schema-graph\">{\"@context\":\"https:\/\/schema.org\",\"@graph\":[{\"@type\":\"Organization\",\"@id\":\"https:\/\/avionshipping-dz.com\/update\/#organization\",\"name\":\"avionshipping-dz\",\"url\":\"https:\/\/avionshipping-dz.com\/update\/\",\"sameAs\":[],\"logo\":{\"@type\":\"ImageObject\",\"inLanguage\":\"fr-FR\",\"@id\":\"https:\/\/avionshipping-dz.com\/update\/#\/schema\/logo\/image\/\",\"url\":\"https:\/\/avionshipping-dz.com\/wp-content\/uploads\/2020\/03\/Logo-AIC.png\",\"contentUrl\":\"https:\/\/avionshipping-dz.com\/wp-content\/uploads\/2020\/03\/Logo-AIC.png\",\"width\":672,\"height\":432,\"caption\":\"avionshipping-dz\"},\"image\":{\"@id\":\"https:\/\/avionshipping-dz.com\/update\/#\/schema\/logo\/image\/\"}},{\"@type\":\"WebSite\",\"@id\":\"https:\/\/avionshipping-dz.com\/update\/#website\",\"url\":\"https:\/\/avionshipping-dz.com\/update\/\",\"name\":\"avionshipping-dz\",\"description\":\"\",\"publisher\":{\"@id\":\"https:\/\/avionshipping-dz.com\/update\/#organization\"},\"potentialAction\":[{\"@type\":\"SearchAction\",\"target\":{\"@type\":\"EntryPoint\",\"urlTemplate\":\"https:\/\/avionshipping-dz.com\/update\/?s={search_term_string}\"},\"query-input\":\"required name=search_term_string\"}],\"inLanguage\":\"fr-FR\"},{\"@type\":\"ImageObject\",\"inLanguage\":\"fr-FR\",\"@id\":\"https:\/\/avionshipping-dz.com\/update\/prospect\/#primaryimage\",\"url\":\"https:\/\/avionshipping-dz.com\/wp-content\/uploads\/2021\/12\/banner.jpg\",\"contentUrl\":\"https:\/\/avionshipping-dz.com\/wp-content\/uploads\/2021\/12\/banner.jpg\",\"width\":1700,\"height\":30},{\"@type\":\"WebPage\",\"@id\":\"https:\/\/avionshipping-dz.com\/update\/prospect\/\",\"url\":\"https:\/\/avionshipping-dz.com\/update\/prospect\/\",\"name\":\"Prospect - avionshipping-dz\",\"isPartOf\":{\"@id\":\"https:\/\/avionshipping-dz.com\/update\/#website\"},\"primaryImageOfPage\":{\"@id\":\"https:\/\/avionshipping-dz.com\/update\/prospect\/#primaryimage\"},\"datePublished\":\"2021-12-28T14:53:48+00:00\",\"dateModified\":\"2022-07-07T17:35:35+00:00\",\"description\":\"Vous pouvez nous contacter du dimanc 0he au jeudi du 8h30 \u00e0 17h00 pour avoir un conseil, nos experts seront ravis de vous assister.\",\"breadcrumb\":{\"@id\":\"https:\/\/avionshipping-dz.com\/update\/prospect\/#breadcrumb\"},\"inLanguage\":\"fr-FR\",\"potentialAction\":[{\"@type\":\"ReadAction\",\"target\":[\"https:\/\/avionshipping-dz.com\/update\/prospect\/\"]}]},{\"@type\":\"BreadcrumbList\",\"@id\":\"https:\/\/avionshipping-dz.com\/update\/prospect\/#breadcrumb\",\"itemListElement\":[{\"@type\":\"ListItem\",\"position\":1,\"name\":\"Accueil\",\"item\":\"https:\/\/avionshipping-dz.com\/update\/\"},{\"@type\":\"ListItem\",\"position\":2,\"name\":\"Prospect\"}]}]}<\/script>\n<!-- \/ Yoast SEO plugin. -->","yoast_head_json":{"title":"Prospect - avionshipping-dz","description":"Vous pouvez nous contacter du dimanc 0he au jeudi du 8h30 \u00e0 17h00 pour avoir un conseil, nos experts seront ravis de vous assister.","robots":{"index":"index","follow":"follow","max-snippet":"max-snippet:-1","max-image-preview":"max-image-preview:large","max-video-preview":"max-video-preview:-1"},"canonical":"https:\/\/avionshipping-dz.com\/update\/prospect\/","og_locale":"fr_FR","og_type":"article","og_title":"Prospect - avionshipping-dz","og_description":"Vous pouvez nous contacter du dimanc 0he au jeudi du 8h30 \u00e0 17h00 pour avoir un conseil, nos experts seront ravis de vous assister.","og_url":"https:\/\/avionshipping-dz.com\/update\/prospect\/","og_site_name":"avionshipping-dz","article_modified_time":"2022-07-07T17:35:35+00:00","og_image":[{"width":1700,"height":30,"url":"https:\/\/avionshipping-dz.com\/wp-content\/uploads\/2021\/12\/banner.jpg","type":"image\/jpeg"}],"twitter_card":"summary_large_image","twitter_misc":{"Dur\u00e9e de lecture estim\u00e9e":"1 minute"},"schema":{"@context":"https:\/\/schema.org","@graph":[{"@type":"Organization","@id":"https:\/\/avionshipping-dz.com\/update\/#organization","name":"avionshipping-dz","url":"https:\/\/avionshipping-dz.com\/update\/","sameAs":[],"logo":{"@type":"ImageObject","inLanguage":"fr-FR","@id":"https:\/\/avionshipping-dz.com\/update\/#\/schema\/logo\/image\/","url":"https:\/\/avionshipping-dz.com\/wp-content\/uploads\/2020\/03\/Logo-AIC.png","contentUrl":"https:\/\/avionshipping-dz.com\/wp-content\/uploads\/2020\/03\/Logo-AIC.png","width":672,"height":432,"caption":"avionshipping-dz"},"image":{"@id":"https:\/\/avionshipping-dz.com\/update\/#\/schema\/logo\/image\/"}},{"@type":"WebSite","@id":"https:\/\/avionshipping-dz.com\/update\/#website","url":"https:\/\/avionshipping-dz.com\/update\/","name":"avionshipping-dz","description":"","publisher":{"@id":"https:\/\/avionshipping-dz.com\/update\/#organization"},"potentialAction":[{"@type":"SearchAction","target":{"@type":"EntryPoint","urlTemplate":"https:\/\/avionshipping-dz.com\/update\/?s={search_term_string}"},"query-input":"required name=search_term_string"}],"inLanguage":"fr-FR"},{"@type":"ImageObject","inLanguage":"fr-FR","@id":"https:\/\/avionshipping-dz.com\/update\/prospect\/#primaryimage","url":"https:\/\/avionshipping-dz.com\/wp-content\/uploads\/2021\/12\/banner.jpg","contentUrl":"https:\/\/avionshipping-dz.com\/wp-content\/uploads\/2021\/12\/banner.jpg","width":1700,"height":30},{"@type":"WebPage","@id":"https:\/\/avionshipping-dz.com\/update\/prospect\/","url":"https:\/\/avionshipping-dz.com\/update\/prospect\/","name":"Prospect - avionshipping-dz","isPartOf":{"@id":"https:\/\/avionshipping-dz.com\/update\/#website"},"primaryImageOfPage":{"@id":"https:\/\/avionshipping-dz.com\/update\/prospect\/#primaryimage"},"datePublished":"2021-12-28T14:53:48+00:00","dateModified":"2022-07-07T17:35:35+00:00","description":"Vous pouvez nous contacter du dimanc 0he au jeudi du 8h30 \u00e0 17h00 pour avoir un conseil, nos experts seront ravis de vous assister.","breadcrumb":{"@id":"https:\/\/avionshipping-dz.com\/update\/prospect\/#breadcrumb"},"inLanguage":"fr-FR","potentialAction":[{"@type":"ReadAction","target":["https:\/\/avionshipping-dz.com\/update\/prospect\/"]}]},{"@type":"BreadcrumbList","@id":"https:\/\/avionshipping-dz.com\/update\/prospect\/#breadcrumb","itemListElement":[{"@type":"ListItem","position":1,"name":"Accueil","item":"https:\/\/avionshipping-dz.com\/update\/"},{"@type":"ListItem","position":2,"name":"Prospect"}]}]}},"_links":{"self":[{"href":"https:\/\/avionshipping-dz.com\/update\/wp-json\/wp\/v2\/pages\/2864","targetHints":{"allow":["GET"]}}],"collection":[{"href":"https:\/\/avionshipping-dz.com\/update\/wp-json\/wp\/v2\/pages"}],"about":[{"href":"https:\/\/avionshipping-dz.com\/update\/wp-json\/wp\/v2\/types\/page"}],"author":[{"embeddable":true,"href":"https:\/\/avionshipping-dz.com\/update\/wp-json\/wp\/v2\/users\/1"}],"replies":[{"embeddable":true,"href":"https:\/\/avionshipping-dz.com\/update\/wp-json\/wp\/v2\/comments?post=2864"}],"version-history":[{"count":9,"href":"https:\/\/avionshipping-dz.com\/update\/wp-json\/wp\/v2\/pages\/2864\/revisions"}],"predecessor-version":[{"id":3374,"href":"https:\/\/avionshipping-dz.com\/update\/wp-json\/wp\/v2\/pages\/2864\/revisions\/3374"}],"wp:featuredmedia":[{"embeddable":true,"href":"https:\/\/avionshipping-dz.com\/update\/wp-json\/wp\/v2\/media\/2770"}],"wp:attachment":[{"href":"https:\/\/avionshipping-dz.com\/update\/wp-json\/wp\/v2\/media?parent=2864"}],"curies":[{"name":"wp","href":"https:\/\/api.w.org\/{rel}","templated":true}]}}